{"id":9682,"date":"2022-05-12T15:51:29","date_gmt":"2022-05-12T13:51:29","guid":{"rendered":"https:\/\/www.ericson-laboratoire.com\/fr\/?post_type=product&#038;p=9682"},"modified":"2025-06-18T15:48:24","modified_gmt":"2025-06-18T13:48:24","slug":"gel-apres-soleil-apaisant","status":"publish","type":"product","link":"https:\/\/www.ericson-laboratoire.com\/fr\/produit\/gel-apres-soleil-apaisant\/","title":{"rendered":"Gel apr\u00e8s-soleil apaisant"},"content":{"rendered":"","protected":false},"excerpt":{"rendered":"<p>\u2022 Texture rafra\u00eechissante et fondante, limitant les sensations d\u2019\u00e9chauffement<br \/>\n\u2022 Formule enrichie en actifs favorisant l\u2019hydratation et la r\u00e9paration cutan\u00e9e<br \/>\n\u2022 La peau est imm\u00e9diatement soulag\u00e9e et retrouve tout son confort<\/p>\n<hr \/>\n<p>Une gamme de soins essentiels con\u00e7ue pour r\u00e9pondre aux diff\u00e9rents besoins en mati\u00e8re d\u2019indices de protection et de textures. Les formules allient syst\u00e8me filtrant UV haute performance et actifs s\u00e9lectionn\u00e9s pour aider \u00e0 renforcer les d\u00e9fenses naturelles de la peau. Les<br \/>\nproduits DERMA SUN offrent ainsi efficacit\u00e9 et sensorialit\u00e9 pour s\u00e9curiser la peau quelle que soit le type d\u2019exposition solaire.<\/p>\n","protected":false},"featured_media":9674,"template":"","meta":{"_acf_changed":false},"product_brand":[],"product_cat":[444,389,502],"product_tag":[419,406],"class_list":{"0":"post-9682","1":"product","2":"type-product","3":"status-publish","4":"has-post-thumbnail","6":"product_cat-apres-soleil","7":"product_cat-derma-sun","8":"product_cat-gel-texture-derma-sun","9":"product_tag-gel","10":"product_tag-protection-solaire","12":"first","13":"instock","14":"taxable","15":"shipping-taxable","16":"purchasable","17":"product-type-simple"},"acf":[],"lang":"fr","translations":{"fr":9682,"en":15721},"pll_sync_post":[],"_links":{"self":[{"href":"https:\/\/www.ericson-laboratoire.com\/fr\/wp-json\/wp\/v2\/product\/9682","targetHints":{"allow":["GET"]}}],"collection":[{"href":"https:\/\/www.ericson-laboratoire.com\/fr\/wp-json\/wp\/v2\/product"}],"about":[{"href":"https:\/\/www.ericson-laboratoire.com\/fr\/wp-json\/wp\/v2\/types\/product"}],"wp:featuredmedia":[{"embeddable":true,"href":"https:\/\/www.ericson-laboratoire.com\/fr\/wp-json\/wp\/v2\/media\/9674"}],"wp:attachment":[{"href":"https:\/\/www.ericson-laboratoire.com\/fr\/wp-json\/wp\/v2\/media?parent=9682"}],"wp:term":[{"taxonomy":"product_brand","embeddable":true,"href":"https:\/\/www.ericson-laboratoire.com\/fr\/wp-json\/wp\/v2\/product_brand?post=9682"},{"taxonomy":"product_cat","embeddable":true,"href":"https:\/\/www.ericson-laboratoire.com\/fr\/wp-json\/wp\/v2\/product_cat?post=9682"},{"taxonomy":"product_tag","embeddable":true,"href":"https:\/\/www.ericson-laboratoire.com\/fr\/wp-json\/wp\/v2\/product_tag?post=9682"}],"curies":[{"name":"wp","href":"https:\/\/api.w.org\/{rel}","templated":true}]}}