{"id":9140,"date":"2022-04-01T14:12:00","date_gmt":"2022-04-01T12:12:00","guid":{"rendered":"https:\/\/www.ericson-laboratoire.com\/fr\/?post_type=product&#038;p=9140"},"modified":"2026-01-08T18:20:14","modified_gmt":"2026-01-08T17:20:14","slug":"concentre-expert-detox","status":"publish","type":"product","link":"https:\/\/www.ericson-laboratoire.com\/fr\/produit\/concentre-expert-detox\/","title":{"rendered":"CONCENTR\u00c9 EXPERT DETOX"},"content":{"rendered":"<div class=\"translate-tooltip-mtz translator-hidden\">\n<div class=\"translated-text\">\n<div class=\"words\"><\/div>\n<div class=\"sentences\"><\/div>\n<\/div>\n<\/div>\n<p>&nbsp;<\/p>\n<div class=\"translate-tooltip-mtz translator-hidden\">\n<div class=\"translated-text\">\n<div class=\"sentences\"><\/div>\n<\/div>\n<\/div>\n<p>&nbsp;<\/p>\n<p>&nbsp;<\/p>\n","protected":false},"excerpt":{"rendered":"<p><audio class=\"audio-for-speech\"><\/audio><\/p>\n<div class=\"translate-tooltip-mtz translator-hidden\">\n<div class=\"header\">\n<div class=\"header-controls\">Translator<\/div>\n<div class=\"header-controls\"><\/div>\n<\/div>\n<div class=\"translated-text\">\n<div class=\"words\"><\/div>\n<div class=\"sentences\"><\/div>\n<\/div>\n<\/div>\n<p>&nbsp;<\/p>\n<p><audio class=\"audio-for-speech\"><\/audio><\/p>\n<div class=\"translate-tooltip-mtz translator-hidden\">\n<div class=\"header\">\n<div class=\"header-controls\">Translator<\/div>\n<div class=\"header-controls\"><\/div>\n<\/div>\n<div class=\"translated-text\">\n<div class=\"words\"><\/div>\n<div class=\"sentences\"><\/div>\n<\/div>\n<\/div>\n<p>&nbsp;<\/p>\n<p>Le Programme Concentr\u00e9 Expert D\u00e9tox<sup>2<\/sup> est une solution<br \/>\nau dosage optimal en phyto-actifs s\u00e9lectionn\u00e9s pour leurs<br \/>\npropri\u00e9t\u00e9s drainantes<sup>1<\/sup> et d\u00e9toxifiantes<sup>2<\/sup>. Cette formule<br \/>\nnutriceutique aide \u00e0 limiter la r\u00e9tention d\u2019eau1, purifier<br \/>\nl\u2019organisme<sup>2<\/sup> et favoriser la perte de poids<sup>5<\/sup> sans risque<br \/>\nde fatigue<sup>6<\/sup>.<\/p>\n<hr \/>\n<p>Pr\u00e9cautions d\u2019emploi :<br \/>\nSe conformer aux conseils d\u2019utilisation. Tenir hors de<br \/>\nport\u00e9e des jeunes enfants. \u00c0 utiliser dans le cadre<br \/>\nd\u2019une alimentation diversifi\u00e9e et d\u2019un mode de vie sain.<br \/>\nD\u00e9conseill\u00e9 aux personnes souffrant d\u2019allergie aux d\u00e9riv\u00e9s<br \/>\nsalicyl\u00e9s. D\u00e9conseill\u00e9 aux personnes sous traitement<br \/>\nanti-coagulant. D\u00e9conseill\u00e9 aux enfants. D\u00e9conseill\u00e9 aux<br \/>\nfemmes enceintes \u00c0 conserver au sec, \u00e0 l&rsquo;abri de la<br \/>\nchaleur et de la lumi\u00e8re.<\/p>\n<p><sup><em>1. Le pissenlit contribue \u00e0 soutenir les fonctions d\u2019\u00e9limination de<\/em><br \/>\n<em>l\u2019organisme et aide \u00e0 soutenir le drainage et l\u2019\u00e9limination de l\u2019exc\u00e8s d\u2019eau<\/em><br \/>\n<em>2. La bardane favorise la d\u00e9toxification du corps et contribue \u00e0 la<\/em><br \/>\n<em>purification du sang<\/em><br \/>\n<em>3. La bardane favorise les fonctions de la v\u00e9sicule biliaire, du<\/em><br \/>\n<em>foie et des reins<\/em><br \/>\n<em>4. Le tamarin est reconnu pour favoriser la digestion<\/em><br \/>\n<em>5. L\u2019artichaut favorise la perte de poids<\/em><br \/>\n<em>6. La vitamine C contribue \u00e0 prot\u00e9ger les cellules contre le stress oxydatif et<\/em><br \/>\n<em>\u00e0 r\u00e9duire la fatigue<\/em><\/sup><\/p>\n","protected":false},"featured_media":20408,"template":"","meta":{"_acf_changed":false},"product_brand":[],"product_cat":[487,60,498,509,491,362],"product_tag":[430,436,434],"class_list":{"0":"post-9140","1":"product","2":"type-product","3":"status-publish","4":"has-post-thumbnail","6":"product_cat-complement-nutritionnel","7":"product_cat-corps","8":"product_cat-liquide","9":"product_cat-reshaping-formulas","10":"product_cat-silhouette-cellulite","11":"product_cat-slim-fit-body-expertise","12":"product_tag-complement-nutritionnel","13":"product_tag-liquide","14":"product_tag-silhouette-cellulite","16":"first","17":"instock","18":"taxable","19":"shipping-taxable","20":"product-type-simple"},"acf":[],"lang":"fr","translations":{"fr":9140,"en":15715},"pll_sync_post":[],"_links":{"self":[{"href":"https:\/\/www.ericson-laboratoire.com\/fr\/wp-json\/wp\/v2\/product\/9140","targetHints":{"allow":["GET"]}}],"collection":[{"href":"https:\/\/www.ericson-laboratoire.com\/fr\/wp-json\/wp\/v2\/product"}],"about":[{"href":"https:\/\/www.ericson-laboratoire.com\/fr\/wp-json\/wp\/v2\/types\/product"}],"wp:featuredmedia":[{"embeddable":true,"href":"https:\/\/www.ericson-laboratoire.com\/fr\/wp-json\/wp\/v2\/media\/20408"}],"wp:attachment":[{"href":"https:\/\/www.ericson-laboratoire.com\/fr\/wp-json\/wp\/v2\/media?parent=9140"}],"wp:term":[{"taxonomy":"product_brand","embeddable":true,"href":"https:\/\/www.ericson-laboratoire.com\/fr\/wp-json\/wp\/v2\/product_brand?post=9140"},{"taxonomy":"product_cat","embeddable":true,"href":"https:\/\/www.ericson-laboratoire.com\/fr\/wp-json\/wp\/v2\/product_cat?post=9140"},{"taxonomy":"product_tag","embeddable":true,"href":"https:\/\/www.ericson-laboratoire.com\/fr\/wp-json\/wp\/v2\/product_tag?post=9140"}],"curies":[{"name":"wp","href":"https:\/\/api.w.org\/{rel}","templated":true}]}}