{"id":9137,"date":"2022-04-01T12:22:21","date_gmt":"2022-04-01T10:22:21","guid":{"rendered":"https:\/\/www.ericson-laboratoire.com\/fr\/?post_type=product&#038;p=9137"},"modified":"2026-01-08T18:20:13","modified_gmt":"2026-01-08T17:20:13","slug":"creme-pieds-nutri-reparatrice","status":"publish","type":"product","link":"https:\/\/www.ericson-laboratoire.com\/fr\/produit\/creme-pieds-nutri-reparatrice\/","title":{"rendered":"CR\u00c8ME PIEDS NUTRI-R\u00c9PARATRICE"},"content":{"rendered":"","protected":false},"excerpt":{"rendered":"<p>\u2022 Texture confortable et nourrissante<br \/>\n\u2022 Formule alliant actifs hydratants \u00e0 des enzymes k\u00e9ratolytiques pour favoriser le renouvellement \u00e9pidermique<br \/>\n\u2022 Aide \u00e0 soulager les sensations d\u2019inconfort et laisse les pieds doux et souples<\/p>\n<hr \/>\n<p>Avec les r\u00e9f\u00e9rences SPECIALIZED FORMULAS, Ericson Laboratoire offre une gamme compl\u00e8te pour r\u00e9pondre efficacement aux besoins de la peau du corps<br \/>\net de ses diff\u00e9rentes zones<br \/>\nsp\u00e9cifiques (mains, pieds, jambes et buste). Les formules sont enrichies en<br \/>\nactifs hautement concentr\u00e9s, s\u00e9lectionn\u00e9s pour leurs propri\u00e9t\u00e9s r\u00e9paratrices, nourrissantes, raffermissantes ou inhibitrices de pilosit\u00e9.<\/p>\n","protected":false},"featured_media":20406,"template":"","meta":{"_acf_changed":false},"product_brand":[],"product_cat":[60,492,488,973,362,484,510],"product_tag":[417,431,427],"class_list":{"0":"post-9137","1":"product","2":"type-product","3":"status-publish","4":"has-post-thumbnail","6":"product_cat-corps","7":"product_cat-creme-texture-corps","8":"product_cat-hydratation-confort","9":"product_cat-grand-froid","10":"product_cat-slim-fit-body-expertise","11":"product_cat-soin-des-mains-pieds","12":"product_cat-specialized-formulas","13":"product_tag-creme","14":"product_tag-hydratation-confort","15":"product_tag-soin-des-mains-pieds","17":"first","18":"instock","19":"taxable","20":"shipping-taxable","21":"product-type-simple"},"acf":[],"lang":"fr","translations":{"fr":9137,"en":15713},"pll_sync_post":[],"_links":{"self":[{"href":"https:\/\/www.ericson-laboratoire.com\/fr\/wp-json\/wp\/v2\/product\/9137","targetHints":{"allow":["GET"]}}],"collection":[{"href":"https:\/\/www.ericson-laboratoire.com\/fr\/wp-json\/wp\/v2\/product"}],"about":[{"href":"https:\/\/www.ericson-laboratoire.com\/fr\/wp-json\/wp\/v2\/types\/product"}],"wp:featuredmedia":[{"embeddable":true,"href":"https:\/\/www.ericson-laboratoire.com\/fr\/wp-json\/wp\/v2\/media\/20406"}],"wp:attachment":[{"href":"https:\/\/www.ericson-laboratoire.com\/fr\/wp-json\/wp\/v2\/media?parent=9137"}],"wp:term":[{"taxonomy":"product_brand","embeddable":true,"href":"https:\/\/www.ericson-laboratoire.com\/fr\/wp-json\/wp\/v2\/product_brand?post=9137"},{"taxonomy":"product_cat","embeddable":true,"href":"https:\/\/www.ericson-laboratoire.com\/fr\/wp-json\/wp\/v2\/product_cat?post=9137"},{"taxonomy":"product_tag","embeddable":true,"href":"https:\/\/www.ericson-laboratoire.com\/fr\/wp-json\/wp\/v2\/product_tag?post=9137"}],"curies":[{"name":"wp","href":"https:\/\/api.w.org\/{rel}","templated":true}]}}