{"id":9012,"date":"2022-03-15T15:56:07","date_gmt":"2022-03-15T14:56:07","guid":{"rendered":"https:\/\/www.ericson-laboratoire.com\/fr\/?post_type=product&#038;p=9012"},"modified":"2026-01-08T18:20:12","modified_gmt":"2026-01-08T17:20:12","slug":"soin-hydra-fluide-corps","status":"publish","type":"product","link":"https:\/\/www.ericson-laboratoire.com\/fr\/produit\/soin-hydra-fluide-corps\/","title":{"rendered":"SOIN HYDRA-FLUIDE CORPS"},"content":{"rendered":"","protected":false},"excerpt":{"rendered":"<p>\u2022 Texture fra\u00eeche non collante \u00e0 p\u00e9n\u00e9tration rapide<br \/>\n\u2022 Formule enrichie en actifs humectants, apaisants et protecteurs<br \/>\n\u2022 Favorise une hydratation durable en limitant la perte en eau de la couche corn\u00e9e<\/p>\n<hr \/>\n<p>Avec les r\u00e9f\u00e9rences RESHAPING FORMULAS, Ericson Laboratoire offre une des gammes les plus compl\u00e8tes pour une prise en charge personnalis\u00e9e et cibl\u00e9e des diff\u00e9rentes probl\u00e9matiques minceur. Les principes actifs innovants des formules ont \u00e9t\u00e9 s\u00e9lectionn\u00e9s pour aider \u00e0 stimuler la r\u00e9duction des amas graisseux diffus ou localis\u00e9s, combattre le rel\u00e2chement cutan\u00e9 et favoriser le drainage du corps.<\/p>\n","protected":false},"featured_media":20396,"template":"","meta":{"_acf_changed":false},"product_brand":[],"product_cat":[60,493,488,971,362,482,510],"product_tag":[418,431,425],"class_list":{"0":"post-9012","1":"product","2":"type-product","3":"status-publish","4":"has-post-thumbnail","6":"product_cat-corps","7":"product_cat-fluide-texture-corps","8":"product_cat-hydratation-confort","9":"product_cat-osmo-minceur","10":"product_cat-slim-fit-body-expertise","11":"product_cat-soin-corps","12":"product_cat-specialized-formulas","13":"product_tag-fluide","14":"product_tag-hydratation-confort","15":"product_tag-soin-corps","17":"first","18":"instock","19":"taxable","20":"shipping-taxable","21":"product-type-simple"},"acf":[],"lang":"fr","translations":{"fr":9012,"en":15701},"pll_sync_post":[],"_links":{"self":[{"href":"https:\/\/www.ericson-laboratoire.com\/fr\/wp-json\/wp\/v2\/product\/9012","targetHints":{"allow":["GET"]}}],"collection":[{"href":"https:\/\/www.ericson-laboratoire.com\/fr\/wp-json\/wp\/v2\/product"}],"about":[{"href":"https:\/\/www.ericson-laboratoire.com\/fr\/wp-json\/wp\/v2\/types\/product"}],"wp:featuredmedia":[{"embeddable":true,"href":"https:\/\/www.ericson-laboratoire.com\/fr\/wp-json\/wp\/v2\/media\/20396"}],"wp:attachment":[{"href":"https:\/\/www.ericson-laboratoire.com\/fr\/wp-json\/wp\/v2\/media?parent=9012"}],"wp:term":[{"taxonomy":"product_brand","embeddable":true,"href":"https:\/\/www.ericson-laboratoire.com\/fr\/wp-json\/wp\/v2\/product_brand?post=9012"},{"taxonomy":"product_cat","embeddable":true,"href":"https:\/\/www.ericson-laboratoire.com\/fr\/wp-json\/wp\/v2\/product_cat?post=9012"},{"taxonomy":"product_tag","embeddable":true,"href":"https:\/\/www.ericson-laboratoire.com\/fr\/wp-json\/wp\/v2\/product_tag?post=9012"}],"curies":[{"name":"wp","href":"https:\/\/api.w.org\/{rel}","templated":true}]}}