{"id":9011,"date":"2022-03-15T15:41:34","date_gmt":"2022-03-15T14:41:34","guid":{"rendered":"https:\/\/www.ericson-laboratoire.com\/fr\/?post_type=product&#038;p=9011"},"modified":"2026-01-08T18:20:13","modified_gmt":"2026-01-08T17:20:13","slug":"creme-anti-vergetures","status":"publish","type":"product","link":"https:\/\/www.ericson-laboratoire.com\/fr\/produit\/creme-anti-vergetures\/","title":{"rendered":"CR\u00c8ME ANTI-VERGETURES"},"content":{"rendered":"","protected":false},"excerpt":{"rendered":"<p>\u2022 Cr\u00e8me riche nourrissante non grasse<br \/>\n\u2022 Associe huile de jojoba riche en vitamine E \u00e0 un puissant phyto-complexe con\u00e7u pour soutenir l\u2019int\u00e9grit\u00e9 des fibres cutan\u00e9es<br \/>\n\u2022 Aide \u00e0 minimiser l\u2019apparence des vergetures et \u00e0 pr\u00e9server la souplesse et l\u2019\u00e9lasticit\u00e9 de la peau<\/p>\n<hr \/>\n<p>Avec les r\u00e9f\u00e9rences RESHAPING FORMULAS, Ericson Laboratoire offre une des gammes les plus compl\u00e8tes pour une prise en charge personnalis\u00e9e et cibl\u00e9e des diff\u00e9rentes probl\u00e9matiques minceur. Les principes actifs innovants des formules ont \u00e9t\u00e9 s\u00e9lectionn\u00e9s pour aider \u00e0 stimuler la r\u00e9duction des amas graisseux diffus ou localis\u00e9s, combattre le rel\u00e2chement cutan\u00e9 et favoriser le drainage du corps.<\/p>\n","protected":false},"featured_media":20411,"template":"","meta":{"_acf_changed":false},"product_brand":[],"product_cat":[60,492,509,362,482,489,486],"product_tag":[417,425,432,429],"class_list":{"0":"post-9011","1":"product","2":"type-product","3":"status-publish","4":"has-post-thumbnail","6":"product_cat-corps","7":"product_cat-creme-texture-corps","8":"product_cat-reshaping-formulas","9":"product_cat-slim-fit-body-expertise","10":"product_cat-soin-corps","11":"product_cat-soin-des-vergetures","12":"product_cat-soin-du-buste","13":"product_tag-creme","14":"product_tag-soin-corps","15":"product_tag-soin-des-vergetures","16":"product_tag-soin-du-buste","18":"first","19":"instock","20":"taxable","21":"shipping-taxable","22":"product-type-simple"},"acf":[],"lang":"fr","translations":{"fr":9011,"en":15708},"pll_sync_post":[],"_links":{"self":[{"href":"https:\/\/www.ericson-laboratoire.com\/fr\/wp-json\/wp\/v2\/product\/9011","targetHints":{"allow":["GET"]}}],"collection":[{"href":"https:\/\/www.ericson-laboratoire.com\/fr\/wp-json\/wp\/v2\/product"}],"about":[{"href":"https:\/\/www.ericson-laboratoire.com\/fr\/wp-json\/wp\/v2\/types\/product"}],"wp:featuredmedia":[{"embeddable":true,"href":"https:\/\/www.ericson-laboratoire.com\/fr\/wp-json\/wp\/v2\/media\/20411"}],"wp:attachment":[{"href":"https:\/\/www.ericson-laboratoire.com\/fr\/wp-json\/wp\/v2\/media?parent=9011"}],"wp:term":[{"taxonomy":"product_brand","embeddable":true,"href":"https:\/\/www.ericson-laboratoire.com\/fr\/wp-json\/wp\/v2\/product_brand?post=9011"},{"taxonomy":"product_cat","embeddable":true,"href":"https:\/\/www.ericson-laboratoire.com\/fr\/wp-json\/wp\/v2\/product_cat?post=9011"},{"taxonomy":"product_tag","embeddable":true,"href":"https:\/\/www.ericson-laboratoire.com\/fr\/wp-json\/wp\/v2\/product_tag?post=9011"}],"curies":[{"name":"wp","href":"https:\/\/api.w.org\/{rel}","templated":true}]}}