{"id":9006,"date":"2022-03-15T14:46:06","date_gmt":"2022-03-15T13:46:06","guid":{"rendered":"https:\/\/www.ericson-laboratoire.com\/fr\/?post_type=product&#038;p=9006"},"modified":"2026-04-17T10:58:55","modified_gmt":"2026-04-17T08:58:55","slug":"gel-corps-thermoactif-minceur","status":"publish","type":"product","link":"https:\/\/www.ericson-laboratoire.com\/fr\/produit\/gel-corps-thermoactif-minceur\/","title":{"rendered":"GEL CORPS THERMOACTIF MINCEUR"},"content":{"rendered":"","protected":false},"excerpt":{"rendered":"<p>\u2022 Texture gel non collante \u00e0 effet thermique<br \/>\n\u2022 Formule auto-chauffante enrichie en caf\u00e9ine, lierre et th\u00e9 vert<br \/>\n\u2022 Stimule la r\u00e9duction des amas graisseux et facilite le d\u00e9sengorgement des tissus lors du massage<\/p>\n<hr \/>\n<p>Avec les r\u00e9f\u00e9rences RESHAPING FORMULAS, Ericson Laboratoire offre une des gammes les plus compl\u00e8tes pour une prise en charge personnalis\u00e9e et cibl\u00e9e des diff\u00e9rentes probl\u00e9matiques minceur. Les principes actifs innovants des formules ont \u00e9t\u00e9 s\u00e9lectionn\u00e9s pour aider \u00e0 stimuler la r\u00e9duction des amas graisseux diffus ou localis\u00e9s, combattre le rel\u00e2chement cutan\u00e9 et favoriser le drainage du corps.<\/p>\n","protected":false},"featured_media":20400,"template":"","meta":{"_acf_changed":false},"product_brand":[],"product_cat":[60,494,509,491,362,482,1051],"product_tag":[419,434,425],"class_list":{"0":"post-9006","1":"product","2":"type-product","3":"status-publish","4":"has-post-thumbnail","6":"product_cat-corps","7":"product_cat-gel-texture-corps","8":"product_cat-reshaping-formulas","9":"product_cat-silhouette-cellulite","10":"product_cat-slim-fit-body-expertise","11":"product_cat-soin-corps","12":"product_cat-soins-minceur","13":"product_tag-gel","14":"product_tag-silhouette-cellulite","15":"product_tag-soin-corps","17":"first","18":"instock","19":"taxable","20":"shipping-taxable","21":"product-type-simple"},"acf":[],"lang":"fr","translations":{"fr":9006,"en":15705},"pll_sync_post":[],"_links":{"self":[{"href":"https:\/\/www.ericson-laboratoire.com\/fr\/wp-json\/wp\/v2\/product\/9006","targetHints":{"allow":["GET"]}}],"collection":[{"href":"https:\/\/www.ericson-laboratoire.com\/fr\/wp-json\/wp\/v2\/product"}],"about":[{"href":"https:\/\/www.ericson-laboratoire.com\/fr\/wp-json\/wp\/v2\/types\/product"}],"wp:featuredmedia":[{"embeddable":true,"href":"https:\/\/www.ericson-laboratoire.com\/fr\/wp-json\/wp\/v2\/media\/20400"}],"wp:attachment":[{"href":"https:\/\/www.ericson-laboratoire.com\/fr\/wp-json\/wp\/v2\/media?parent=9006"}],"wp:term":[{"taxonomy":"product_brand","embeddable":true,"href":"https:\/\/www.ericson-laboratoire.com\/fr\/wp-json\/wp\/v2\/product_brand?post=9006"},{"taxonomy":"product_cat","embeddable":true,"href":"https:\/\/www.ericson-laboratoire.com\/fr\/wp-json\/wp\/v2\/product_cat?post=9006"},{"taxonomy":"product_tag","embeddable":true,"href":"https:\/\/www.ericson-laboratoire.com\/fr\/wp-json\/wp\/v2\/product_tag?post=9006"}],"curies":[{"name":"wp","href":"https:\/\/api.w.org\/{rel}","templated":true}]}}