{"id":8749,"date":"2022-02-24T12:31:57","date_gmt":"2022-02-24T11:31:57","guid":{"rendered":"https:\/\/www.ericson-laboratoire.com\/fr\/?post_type=product&#038;p=8749"},"modified":"2026-04-17T10:58:55","modified_gmt":"2026-04-17T08:58:55","slug":"creme-corps-definition-contours","status":"publish","type":"product","link":"https:\/\/www.ericson-laboratoire.com\/fr\/produit\/creme-corps-definition-contours\/","title":{"rendered":"CR\u00c8ME CORPS D\u00c9FINITION CONTOURS"},"content":{"rendered":"","protected":false},"excerpt":{"rendered":"<p>\u2022 Cr\u00e8me haute-nutrition sans effet gras. Recommand\u00e9e pour les peaux matures<br \/>\n\u2022 Contient un complexe remodelant v\u00e9g\u00e9tal con\u00e7u pour limiter le stockage des cellules graisseuses tout en favorisant la tonicit\u00e9 cutan\u00e9e<br \/>\n\u2022 Am\u00e9liore la fermet\u00e9 et l\u2019\u00e9lasticit\u00e9 de la peau<\/p>\n<hr \/>\n<p>Avec les r\u00e9f\u00e9rences RESHAPING FORMULAS, Ericson Laboratoire offre une des gammes les plus compl\u00e8tes pour une prise en charge personnalis\u00e9e et cibl\u00e9e des diff\u00e9rentes probl\u00e9matiques minceur. Les principes actifs innovants des formules ont \u00e9t\u00e9 s\u00e9lectionn\u00e9s pour aider \u00e0 stimuler la r\u00e9duction des amas graisseux diffus ou localis\u00e9s, combattre le rel\u00e2chement cutan\u00e9 et favoriser le drainage du corps.<\/p>\n","protected":false},"featured_media":20399,"template":"","meta":{"_acf_changed":false},"product_brand":[],"product_cat":[60,492,490,509,491,362,482,1051],"product_tag":[417,433,434,425],"class_list":{"0":"post-8749","1":"product","2":"type-product","3":"status-publish","4":"has-post-thumbnail","6":"product_cat-corps","7":"product_cat-creme-texture-corps","8":"product_cat-fermete","9":"product_cat-reshaping-formulas","10":"product_cat-silhouette-cellulite","11":"product_cat-slim-fit-body-expertise","12":"product_cat-soin-corps","13":"product_cat-soins-minceur","14":"product_tag-creme","15":"product_tag-fermete","16":"product_tag-silhouette-cellulite","17":"product_tag-soin-corps","19":"first","20":"instock","21":"taxable","22":"shipping-taxable","23":"product-type-simple"},"acf":[],"lang":"fr","translations":{"fr":8749,"en":15704},"pll_sync_post":[],"_links":{"self":[{"href":"https:\/\/www.ericson-laboratoire.com\/fr\/wp-json\/wp\/v2\/product\/8749","targetHints":{"allow":["GET"]}}],"collection":[{"href":"https:\/\/www.ericson-laboratoire.com\/fr\/wp-json\/wp\/v2\/product"}],"about":[{"href":"https:\/\/www.ericson-laboratoire.com\/fr\/wp-json\/wp\/v2\/types\/product"}],"wp:featuredmedia":[{"embeddable":true,"href":"https:\/\/www.ericson-laboratoire.com\/fr\/wp-json\/wp\/v2\/media\/20399"}],"wp:attachment":[{"href":"https:\/\/www.ericson-laboratoire.com\/fr\/wp-json\/wp\/v2\/media?parent=8749"}],"wp:term":[{"taxonomy":"product_brand","embeddable":true,"href":"https:\/\/www.ericson-laboratoire.com\/fr\/wp-json\/wp\/v2\/product_brand?post=8749"},{"taxonomy":"product_cat","embeddable":true,"href":"https:\/\/www.ericson-laboratoire.com\/fr\/wp-json\/wp\/v2\/product_cat?post=8749"},{"taxonomy":"product_tag","embeddable":true,"href":"https:\/\/www.ericson-laboratoire.com\/fr\/wp-json\/wp\/v2\/product_tag?post=8749"}],"curies":[{"name":"wp","href":"https:\/\/api.w.org\/{rel}","templated":true}]}}