{"id":8748,"date":"2022-02-24T12:27:31","date_gmt":"2022-02-24T11:27:31","guid":{"rendered":"https:\/\/www.ericson-laboratoire.com\/fr\/?post_type=product&#038;p=8748"},"modified":"2026-04-17T10:58:55","modified_gmt":"2026-04-17T08:58:55","slug":"creme-corps-fermete","status":"publish","type":"product","link":"https:\/\/www.ericson-laboratoire.com\/fr\/produit\/creme-corps-fermete\/","title":{"rendered":"CR\u00c8ME CORPS FERMET\u00c9"},"content":{"rendered":"","protected":false},"excerpt":{"rendered":"<p>\u2022 Texture cr\u00e8me onctueuse<br \/>\n\u2022 Enrichie en principes actifs v\u00e9g\u00e9taux aux propri\u00e9t\u00e9s raffermissantes, revitalisantes et anti-rel\u00e2chement<br \/>\n\u2022 Hydrat\u00e9e et nourrie, la peau para\u00eet visiblement plus ferme et tonique<\/p>\n<hr \/>\n<p>Avec les r\u00e9f\u00e9rences RESHAPING FORMULAS, Ericson Laboratoire offre une des gammes les plus compl\u00e8tes pour une prise en charge personnalis\u00e9e et cibl\u00e9e des diff\u00e9rentes probl\u00e9matiques minceur. Les principes actifs innovants des formules ont \u00e9t\u00e9 s\u00e9lectionn\u00e9s pour aider \u00e0 stimuler la r\u00e9duction des amas graisseux diffus ou localis\u00e9s, combattre le rel\u00e2chement cutan\u00e9 et favoriser le drainage du corps.<\/p>\n","protected":false},"featured_media":20398,"template":"","meta":{"_acf_changed":false},"product_brand":[],"product_cat":[60,492,490,971,509,362,482,1051],"product_tag":[417,433,425],"class_list":{"0":"post-8748","1":"product","2":"type-product","3":"status-publish","4":"has-post-thumbnail","6":"product_cat-corps","7":"product_cat-creme-texture-corps","8":"product_cat-fermete","9":"product_cat-osmo-minceur","10":"product_cat-reshaping-formulas","11":"product_cat-slim-fit-body-expertise","12":"product_cat-soin-corps","13":"product_cat-soins-minceur","14":"product_tag-creme","15":"product_tag-fermete","16":"product_tag-soin-corps","18":"first","19":"outofstock","20":"taxable","21":"shipping-taxable","22":"product-type-simple"},"acf":[],"lang":"fr","translations":{"fr":8748,"en":15703},"pll_sync_post":[],"_links":{"self":[{"href":"https:\/\/www.ericson-laboratoire.com\/fr\/wp-json\/wp\/v2\/product\/8748","targetHints":{"allow":["GET"]}}],"collection":[{"href":"https:\/\/www.ericson-laboratoire.com\/fr\/wp-json\/wp\/v2\/product"}],"about":[{"href":"https:\/\/www.ericson-laboratoire.com\/fr\/wp-json\/wp\/v2\/types\/product"}],"wp:featuredmedia":[{"embeddable":true,"href":"https:\/\/www.ericson-laboratoire.com\/fr\/wp-json\/wp\/v2\/media\/20398"}],"wp:attachment":[{"href":"https:\/\/www.ericson-laboratoire.com\/fr\/wp-json\/wp\/v2\/media?parent=8748"}],"wp:term":[{"taxonomy":"product_brand","embeddable":true,"href":"https:\/\/www.ericson-laboratoire.com\/fr\/wp-json\/wp\/v2\/product_brand?post=8748"},{"taxonomy":"product_cat","embeddable":true,"href":"https:\/\/www.ericson-laboratoire.com\/fr\/wp-json\/wp\/v2\/product_cat?post=8748"},{"taxonomy":"product_tag","embeddable":true,"href":"https:\/\/www.ericson-laboratoire.com\/fr\/wp-json\/wp\/v2\/product_tag?post=8748"}],"curies":[{"name":"wp","href":"https:\/\/api.w.org\/{rel}","templated":true}]}}