{"id":8744,"date":"2022-02-24T11:23:41","date_gmt":"2022-02-24T10:23:41","guid":{"rendered":"https:\/\/www.ericson-laboratoire.com\/fr\/?post_type=product&#038;p=8744"},"modified":"2026-04-17T10:58:55","modified_gmt":"2026-04-17T08:58:55","slug":"huile-corps-multi-performance","status":"publish","type":"product","link":"https:\/\/www.ericson-laboratoire.com\/fr\/produit\/huile-corps-multi-performance\/","title":{"rendered":"HUILE CORPS MULTI-PERFORMANCE"},"content":{"rendered":"","protected":false},"excerpt":{"rendered":"<p>\u2022 Formule nourrissante et tonifiante<br \/>\n\u2022 Enrichie avec un complexe d\u2019huiles et d\u2019extraits v\u00e9g\u00e9taux s\u00e9lectionn\u00e9s pour leurs propri\u00e9t\u00e9s r\u00e9g\u00e9n\u00e9rantes, revitalisantes et d\u00e9sinfiltrantes<br \/>\n\u2022 Laisse la peau soyeuse et visiblement plus tonique<\/p>\n<hr \/>\n<p>Avec les r\u00e9f\u00e9rences RESHAPING FORMULAS, Ericson Laboratoire offre une des gammes les plus compl\u00e8tes pour une prise en charge personnalis\u00e9e et cibl\u00e9e des diff\u00e9rentes probl\u00e9matiques minceur. Les principes actifs innovants des formules ont \u00e9t\u00e9 s\u00e9lectionn\u00e9s pour aider \u00e0 stimuler la r\u00e9duction des amas graisseux diffus ou localis\u00e9s, combattre le rel\u00e2chement cutan\u00e9 et favoriser le drainage du corps.<\/p>\n","protected":false},"featured_media":20397,"template":"","meta":{"_acf_changed":false},"product_brand":[],"product_cat":[60,495,971,509,491,362,482,1051],"product_tag":[420,434,425],"class_list":{"0":"post-8744","1":"product","2":"type-product","3":"status-publish","4":"has-post-thumbnail","6":"product_cat-corps","7":"product_cat-huile-texture-corps","8":"product_cat-osmo-minceur","9":"product_cat-reshaping-formulas","10":"product_cat-silhouette-cellulite","11":"product_cat-slim-fit-body-expertise","12":"product_cat-soin-corps","13":"product_cat-soins-minceur","14":"product_tag-huile","15":"product_tag-silhouette-cellulite","16":"product_tag-soin-corps","18":"first","19":"instock","20":"taxable","21":"shipping-taxable","22":"product-type-simple"},"acf":[],"lang":"fr","translations":{"fr":8744,"en":15702},"pll_sync_post":[],"_links":{"self":[{"href":"https:\/\/www.ericson-laboratoire.com\/fr\/wp-json\/wp\/v2\/product\/8744","targetHints":{"allow":["GET"]}}],"collection":[{"href":"https:\/\/www.ericson-laboratoire.com\/fr\/wp-json\/wp\/v2\/product"}],"about":[{"href":"https:\/\/www.ericson-laboratoire.com\/fr\/wp-json\/wp\/v2\/types\/product"}],"wp:featuredmedia":[{"embeddable":true,"href":"https:\/\/www.ericson-laboratoire.com\/fr\/wp-json\/wp\/v2\/media\/20397"}],"wp:attachment":[{"href":"https:\/\/www.ericson-laboratoire.com\/fr\/wp-json\/wp\/v2\/media?parent=8744"}],"wp:term":[{"taxonomy":"product_brand","embeddable":true,"href":"https:\/\/www.ericson-laboratoire.com\/fr\/wp-json\/wp\/v2\/product_brand?post=8744"},{"taxonomy":"product_cat","embeddable":true,"href":"https:\/\/www.ericson-laboratoire.com\/fr\/wp-json\/wp\/v2\/product_cat?post=8744"},{"taxonomy":"product_tag","embeddable":true,"href":"https:\/\/www.ericson-laboratoire.com\/fr\/wp-json\/wp\/v2\/product_tag?post=8744"}],"curies":[{"name":"wp","href":"https:\/\/api.w.org\/{rel}","templated":true}]}}