{"id":8445,"date":"2022-01-20T11:32:51","date_gmt":"2022-01-20T10:32:51","guid":{"rendered":"https:\/\/www.ericson-laboratoire.com\/fr\/?post_type=product&#038;p=8445"},"modified":"2026-03-13T15:12:28","modified_gmt":"2026-03-13T14:12:28","slug":"creme-masque-densite-btx","status":"publish","type":"product","link":"https:\/\/www.ericson-laboratoire.com\/fr\/produit\/creme-masque-densite-btx\/","title":{"rendered":"Cr\u00e8me-masque densit\u00e9 [BTX]"},"content":{"rendered":"","protected":false},"excerpt":{"rendered":"<p>\u2022 Texture riche, fondante pour une action re-densifiante<br \/>\n\u2022 Complexe associant peptides d\u00e9contractants et actifs combleurs<br \/>\n\u2022 Contribue \u00e0 revitaliser la peau et att\u00e9nuer les rides et ridules jour apr\u00e8s jour<\/p>\n<hr \/>\n<p>&nbsp;<\/p>\n<p>Les diff\u00e9rents types de rides n\u00e9cessitent des approches compl\u00e9mentaires. LINE CORRECTION a \u00e9t\u00e9 \u00e9labor\u00e9e comme une solution alternative aux injections medico-esth\u00e9tiques. Les formules sont concentr\u00e9es en actifs bio-mim\u00e9tiques et anti-oxydants ciblant simultan\u00e9ment les rides dynamiques, statiques et li\u00e9es au stress oxydatif.<\/p>\n","protected":false},"featured_media":13791,"template":"","meta":{"_acf_changed":false},"product_brand":[],"product_cat":[471,453,358,455,468,59],"product_tag":[417,400,402,415],"class_list":{"0":"post-8445","1":"product","2":"type-product","3":"status-publish","4":"has-post-thumbnail","6":"product_cat-creme","7":"product_cat-creme-de-jour-creme-de-nuit","8":"product_cat-line-correction-btx-ha","9":"product_cat-masque","10":"product_cat-soins-anti-rides","11":"product_cat-visage","12":"product_tag-creme","13":"product_tag-creme-de-jour-creme-de-nuit","14":"product_tag-exfoliant-masque","15":"product_tag-soins-anti-rides","17":"first","18":"instock","19":"taxable","20":"shipping-taxable","21":"product-type-simple"},"acf":[],"lang":"fr","translations":{"fr":8445,"en":15675},"pll_sync_post":[],"_links":{"self":[{"href":"https:\/\/www.ericson-laboratoire.com\/fr\/wp-json\/wp\/v2\/product\/8445","targetHints":{"allow":["GET"]}}],"collection":[{"href":"https:\/\/www.ericson-laboratoire.com\/fr\/wp-json\/wp\/v2\/product"}],"about":[{"href":"https:\/\/www.ericson-laboratoire.com\/fr\/wp-json\/wp\/v2\/types\/product"}],"wp:featuredmedia":[{"embeddable":true,"href":"https:\/\/www.ericson-laboratoire.com\/fr\/wp-json\/wp\/v2\/media\/13791"}],"wp:attachment":[{"href":"https:\/\/www.ericson-laboratoire.com\/fr\/wp-json\/wp\/v2\/media?parent=8445"}],"wp:term":[{"taxonomy":"product_brand","embeddable":true,"href":"https:\/\/www.ericson-laboratoire.com\/fr\/wp-json\/wp\/v2\/product_brand?post=8445"},{"taxonomy":"product_cat","embeddable":true,"href":"https:\/\/www.ericson-laboratoire.com\/fr\/wp-json\/wp\/v2\/product_cat?post=8445"},{"taxonomy":"product_tag","embeddable":true,"href":"https:\/\/www.ericson-laboratoire.com\/fr\/wp-json\/wp\/v2\/product_tag?post=8445"}],"curies":[{"name":"wp","href":"https:\/\/api.w.org\/{rel}","templated":true}]}}