{"id":8444,"date":"2022-01-20T11:16:04","date_gmt":"2022-01-20T10:16:04","guid":{"rendered":"https:\/\/www.ericson-laboratoire.com\/fr\/?post_type=product&#038;p=8444"},"modified":"2026-03-13T15:05:03","modified_gmt":"2026-03-13T14:05:03","slug":"concentre-defroissant-ha2","status":"publish","type":"product","link":"https:\/\/www.ericson-laboratoire.com\/fr\/produit\/concentre-defroissant-ha2\/","title":{"rendered":"Concentr\u00e9 d\u00e9froissant [HA]2"},"content":{"rendered":"","protected":false},"excerpt":{"rendered":"<p>\u2022 S\u00e9rum concentr\u00e9 en acide hyaluronique repulpant<br \/>\n\u2022 Complexe associant peptides et actifs \u00ab\u00a0effet-filler\u00a0\u00bb pour un micro-relief cutan\u00e9 visiblement liss\u00e9<br \/>\n\u2022 Rides et ridules paraissent moins visibles, jour apr\u00e8s jour<\/p>\n<hr \/>\n<p>&nbsp;<\/p>\n<p>Les diff\u00e9rents types de rides n\u00e9cessitent des approches compl\u00e9mentaires. LINE CORRECTION a \u00e9t\u00e9 \u00e9labor\u00e9e comme une solution alternative aux injections medico-esth\u00e9tiques. Les formules sont concentr\u00e9es en actifs bio-mim\u00e9tiques et anti-oxydants ciblant simultan\u00e9ment les rides dynamiques, statiques et li\u00e9es au stress oxydatif.<\/p>\n","protected":false},"featured_media":13780,"template":"","meta":{"_acf_changed":false},"product_brand":[],"product_cat":[358,456,468,451,59],"product_tag":[403,398,415],"class_list":{"0":"post-8444","1":"product","2":"type-product","3":"status-publish","4":"has-post-thumbnail","6":"product_cat-line-correction-btx-ha","7":"product_cat-serum","8":"product_cat-soins-anti-rides","9":"product_cat-soin-pour-le-cou","10":"product_cat-visage","11":"product_tag-serum","12":"product_tag-soin-pour-le-cou","13":"product_tag-soins-anti-rides","15":"first","16":"instock","17":"taxable","18":"shipping-taxable","19":"product-type-simple"},"acf":[],"lang":"fr","translations":{"fr":8444,"en":15674},"pll_sync_post":[],"_links":{"self":[{"href":"https:\/\/www.ericson-laboratoire.com\/fr\/wp-json\/wp\/v2\/product\/8444","targetHints":{"allow":["GET"]}}],"collection":[{"href":"https:\/\/www.ericson-laboratoire.com\/fr\/wp-json\/wp\/v2\/product"}],"about":[{"href":"https:\/\/www.ericson-laboratoire.com\/fr\/wp-json\/wp\/v2\/types\/product"}],"wp:featuredmedia":[{"embeddable":true,"href":"https:\/\/www.ericson-laboratoire.com\/fr\/wp-json\/wp\/v2\/media\/13780"}],"wp:attachment":[{"href":"https:\/\/www.ericson-laboratoire.com\/fr\/wp-json\/wp\/v2\/media?parent=8444"}],"wp:term":[{"taxonomy":"product_brand","embeddable":true,"href":"https:\/\/www.ericson-laboratoire.com\/fr\/wp-json\/wp\/v2\/product_brand?post=8444"},{"taxonomy":"product_cat","embeddable":true,"href":"https:\/\/www.ericson-laboratoire.com\/fr\/wp-json\/wp\/v2\/product_cat?post=8444"},{"taxonomy":"product_tag","embeddable":true,"href":"https:\/\/www.ericson-laboratoire.com\/fr\/wp-json\/wp\/v2\/product_tag?post=8444"}],"curies":[{"name":"wp","href":"https:\/\/api.w.org\/{rel}","templated":true}]}}