{"id":7186,"date":"2021-08-27T11:42:36","date_gmt":"2021-08-27T09:42:36","guid":{"rendered":"https:\/\/www.ericson-laboratoire.com\/fr\/?post_type=product&#038;p=7186"},"modified":"2026-01-08T18:04:22","modified_gmt":"2026-01-08T17:04:22","slug":"bio-respect-cleansing-mousse","status":"publish","type":"product","link":"https:\/\/www.ericson-laboratoire.com\/fr\/produit\/bio-respect-cleansing-mousse\/","title":{"rendered":"BIO-RESPECT CLEANSING MOUSSE"},"content":{"rendered":"","protected":false},"excerpt":{"rendered":"<p><strong style=\"text-transform: uppercase;\">Mousse nettoyante \u00e9co-\u00e9quilibrante<\/strong><\/p>\n<p>Nettoie en douceur tout en respectant le film hydrolipidique cutan\u00e9.<br \/>\n\u2022 La peau est fra\u00eeche et \u00e9clatante.<\/p>\n<hr \/>\n<p>&nbsp;<\/p>\n<p>ERICSON LABORATOIRE propose une gamme de d\u00e9maquillants, nettoyants et gommages con\u00e7us comme la premi\u00e8re \u00e9tape fondamentale et incontournable de votre protocole de soins. Les formules expertes de la gamme FUNDAMENTALS permettent de d\u00e9barrasser facilement la peau des impuret\u00e9s et r\u00e9sidus accumul\u00e9s, quel que soit votre type de peau, vos habitudes en termes de maquillage et vos pr\u00e9f\u00e9rences en mati\u00e8re de texture.<\/p>\n","protected":false},"featured_media":7211,"template":"","meta":{"_acf_changed":false},"product_brand":[],"product_cat":[378,354,477,380,59],"product_tag":[401,423],"class_list":{"0":"post-7186","1":"product","2":"type-product","3":"status-publish","4":"has-post-thumbnail","6":"product_cat-demaquillants","7":"product_cat-fundamentals","8":"product_cat-mousse","9":"product_cat-nettoyants","10":"product_cat-visage","11":"product_tag-demaquillant-nettoyant","12":"product_tag-mousse","14":"first","15":"instock","16":"taxable","17":"shipping-taxable","18":"product-type-simple"},"acf":[],"lang":"fr","translations":{"fr":7186,"en":15697},"pll_sync_post":[],"_links":{"self":[{"href":"https:\/\/www.ericson-laboratoire.com\/fr\/wp-json\/wp\/v2\/product\/7186","targetHints":{"allow":["GET"]}}],"collection":[{"href":"https:\/\/www.ericson-laboratoire.com\/fr\/wp-json\/wp\/v2\/product"}],"about":[{"href":"https:\/\/www.ericson-laboratoire.com\/fr\/wp-json\/wp\/v2\/types\/product"}],"wp:featuredmedia":[{"embeddable":true,"href":"https:\/\/www.ericson-laboratoire.com\/fr\/wp-json\/wp\/v2\/media\/7211"}],"wp:attachment":[{"href":"https:\/\/www.ericson-laboratoire.com\/fr\/wp-json\/wp\/v2\/media?parent=7186"}],"wp:term":[{"taxonomy":"product_brand","embeddable":true,"href":"https:\/\/www.ericson-laboratoire.com\/fr\/wp-json\/wp\/v2\/product_brand?post=7186"},{"taxonomy":"product_cat","embeddable":true,"href":"https:\/\/www.ericson-laboratoire.com\/fr\/wp-json\/wp\/v2\/product_cat?post=7186"},{"taxonomy":"product_tag","embeddable":true,"href":"https:\/\/www.ericson-laboratoire.com\/fr\/wp-json\/wp\/v2\/product_tag?post=7186"}],"curies":[{"name":"wp","href":"https:\/\/api.w.org\/{rel}","templated":true}]}}