{"id":7185,"date":"2021-08-27T11:42:35","date_gmt":"2021-08-27T09:42:35","guid":{"rendered":"https:\/\/www.ericson-laboratoire.com\/fr\/?post_type=product&#038;p=7185"},"modified":"2026-01-08T18:04:21","modified_gmt":"2026-01-08T17:04:21","slug":"bio-respect-cleansing-lotion","status":"publish","type":"product","link":"https:\/\/www.ericson-laboratoire.com\/fr\/produit\/bio-respect-cleansing-lotion\/","title":{"rendered":"BIO-RESPECT CLEANSING LOTION"},"content":{"rendered":"","protected":false},"excerpt":{"rendered":"<p><strong style=\"text-transform: uppercase;\">Lotion nettoyante \u00e9co-\u00e9quilibrante<\/strong><\/p>\n<p>Constitue la deuxi\u00e8me phase indispensable du processus de d\u00e9maquillage-nettoyage.<br \/>\n\u2022 Compl\u00e8te et parfait le d\u00e9maquillage-nettoyage tout en pr\u00e9servant le film protecteur cutan\u00e9. Nette et hydrat\u00e9e, la peau retrouve tonicit\u00e9 et \u00e9clat.<\/p>\n<hr \/>\n<p>&nbsp;<\/p>\n<p>ERICSON LABORATOIRE propose une gamme de d\u00e9maquillants, nettoyants et gommages con\u00e7us comme la premi\u00e8re \u00e9tape fondamentale et incontournable de votre protocole de soins. Les formules expertes de la gamme FUNDAMENTALS permettent de d\u00e9barrasser facilement la peau des impuret\u00e9s et r\u00e9sidus accumul\u00e9s, quel que soit votre type de peau, vos habitudes en termes de maquillage et vos pr\u00e9f\u00e9rences en mati\u00e8re de texture.<\/p>\n","protected":false},"featured_media":7210,"template":"","meta":{"_acf_changed":false},"product_brand":[],"product_cat":[378,354,476,380,59],"product_tag":[401,422],"class_list":{"0":"post-7185","1":"product","2":"type-product","3":"status-publish","4":"has-post-thumbnail","6":"product_cat-demaquillants","7":"product_cat-fundamentals","8":"product_cat-lotion","9":"product_cat-nettoyants","10":"product_cat-visage","11":"product_tag-demaquillant-nettoyant","12":"product_tag-lotion","14":"first","15":"instock","16":"taxable","17":"shipping-taxable","18":"product-type-simple"},"acf":[],"lang":"fr","translations":{"fr":7185,"en":15696},"pll_sync_post":[],"_links":{"self":[{"href":"https:\/\/www.ericson-laboratoire.com\/fr\/wp-json\/wp\/v2\/product\/7185","targetHints":{"allow":["GET"]}}],"collection":[{"href":"https:\/\/www.ericson-laboratoire.com\/fr\/wp-json\/wp\/v2\/product"}],"about":[{"href":"https:\/\/www.ericson-laboratoire.com\/fr\/wp-json\/wp\/v2\/types\/product"}],"wp:featuredmedia":[{"embeddable":true,"href":"https:\/\/www.ericson-laboratoire.com\/fr\/wp-json\/wp\/v2\/media\/7210"}],"wp:attachment":[{"href":"https:\/\/www.ericson-laboratoire.com\/fr\/wp-json\/wp\/v2\/media?parent=7185"}],"wp:term":[{"taxonomy":"product_brand","embeddable":true,"href":"https:\/\/www.ericson-laboratoire.com\/fr\/wp-json\/wp\/v2\/product_brand?post=7185"},{"taxonomy":"product_cat","embeddable":true,"href":"https:\/\/www.ericson-laboratoire.com\/fr\/wp-json\/wp\/v2\/product_cat?post=7185"},{"taxonomy":"product_tag","embeddable":true,"href":"https:\/\/www.ericson-laboratoire.com\/fr\/wp-json\/wp\/v2\/product_tag?post=7185"}],"curies":[{"name":"wp","href":"https:\/\/api.w.org\/{rel}","templated":true}]}}