{"id":7183,"date":"2021-08-27T11:42:35","date_gmt":"2021-08-27T09:42:35","guid":{"rendered":"https:\/\/www.ericson-laboratoire.com\/fr\/?post_type=product&#038;p=7183"},"modified":"2026-01-08T18:04:22","modified_gmt":"2026-01-08T17:04:22","slug":"biodorphine-cleansing-gel","status":"publish","type":"product","link":"https:\/\/www.ericson-laboratoire.com\/fr\/produit\/biodorphine-cleansing-gel\/","title":{"rendered":"BIODORFINE CLEANSING GEL"},"content":{"rendered":"","protected":false},"excerpt":{"rendered":"<p>Gel nettoyant douceur<\/p>\n<p>D\u00e9maquille, nettoie et purifie en douceur. Pr\u00e9serve le film protecteur cutan\u00e9.<br \/>\n\u2022 Apais\u00e9e, nettoy\u00e9e, la peau resplendit de fra\u00eecheur et d\u2019\u00e9clat.<\/p>\n<hr \/>\n<p>&nbsp;<\/p>\n<p>ERICSON LABORATOIRE propose une gamme de d\u00e9maquillants, nettoyants et gommages con\u00e7us comme la premi\u00e8re \u00e9tape fondamentale et incontournable de votre protocole de soins. Les formules expertes de la gamme FUNDAMENTALS permettent de d\u00e9barrasser facilement la peau des impuret\u00e9s et r\u00e9sidus accumul\u00e9s, quel que soit votre type de peau, vos habitudes en termes de maquillage et vos pr\u00e9f\u00e9rences en mati\u00e8re de texture.<\/p>\n","protected":false},"featured_media":7208,"template":"","meta":{"_acf_changed":false},"product_brand":[],"product_cat":[354,474,380,59],"product_tag":[401,420],"class_list":{"0":"post-7183","1":"product","2":"type-product","3":"status-publish","4":"has-post-thumbnail","6":"product_cat-fundamentals","7":"product_cat-huile","8":"product_cat-nettoyants","9":"product_cat-visage","10":"product_tag-demaquillant-nettoyant","11":"product_tag-huile","13":"first","14":"instock","15":"taxable","16":"shipping-taxable","17":"product-type-simple"},"acf":[],"lang":"fr","translations":{"fr":7183,"en":15694},"pll_sync_post":[],"_links":{"self":[{"href":"https:\/\/www.ericson-laboratoire.com\/fr\/wp-json\/wp\/v2\/product\/7183","targetHints":{"allow":["GET"]}}],"collection":[{"href":"https:\/\/www.ericson-laboratoire.com\/fr\/wp-json\/wp\/v2\/product"}],"about":[{"href":"https:\/\/www.ericson-laboratoire.com\/fr\/wp-json\/wp\/v2\/types\/product"}],"wp:featuredmedia":[{"embeddable":true,"href":"https:\/\/www.ericson-laboratoire.com\/fr\/wp-json\/wp\/v2\/media\/7208"}],"wp:attachment":[{"href":"https:\/\/www.ericson-laboratoire.com\/fr\/wp-json\/wp\/v2\/media?parent=7183"}],"wp:term":[{"taxonomy":"product_brand","embeddable":true,"href":"https:\/\/www.ericson-laboratoire.com\/fr\/wp-json\/wp\/v2\/product_brand?post=7183"},{"taxonomy":"product_cat","embeddable":true,"href":"https:\/\/www.ericson-laboratoire.com\/fr\/wp-json\/wp\/v2\/product_cat?post=7183"},{"taxonomy":"product_tag","embeddable":true,"href":"https:\/\/www.ericson-laboratoire.com\/fr\/wp-json\/wp\/v2\/product_tag?post=7183"}],"curies":[{"name":"wp","href":"https:\/\/api.w.org\/{rel}","templated":true}]}}