{"id":7177,"date":"2021-08-27T11:42:35","date_gmt":"2021-08-27T09:42:35","guid":{"rendered":"https:\/\/www.ericson-laboratoire.com\/fr\/?post_type=product&#038;p=7177"},"modified":"2026-03-13T14:54:18","modified_gmt":"2026-03-13T13:54:18","slug":"derma-gum","status":"publish","type":"product","link":"https:\/\/www.ericson-laboratoire.com\/fr\/produit\/derma-gum\/","title":{"rendered":"DERMA GUM"},"content":{"rendered":"","protected":false},"excerpt":{"rendered":"<p><strong style=\"text-transform: uppercase;\">Gommage doux purifiant<\/strong><\/p>\n<p>Gomme en douceur gr\u00e2ce \u00e0 sa base argileuse. \u00c9limine les cellules mortes par effet m\u00e9canique sans agresser l\u2019\u00e9piderme. Pr\u00e9pare la peau aux soins et favorise l\u2019absorption des principes actifs.<\/p>\n<hr \/>\n<p>&nbsp;<\/p>\n<p>ERICSON LABORATOIRE propose une gamme de d\u00e9maquillants, nettoyants et gommages con\u00e7us comme la premi\u00e8re \u00e9tape fondamentale et incontournable de votre protocole de soins. Les formules expertes de la gamme FUNDAMENTALS permettent de d\u00e9barrasser facilement la peau des impuret\u00e9s et r\u00e9sidus accumul\u00e9s, quel que soit votre type de peau, vos habitudes en termes de maquillage et vos pr\u00e9f\u00e9rences en mati\u00e8re de texture.<\/p>\n","protected":false},"featured_media":7203,"template":"","meta":{"_acf_changed":false},"product_brand":[],"product_cat":[471,454,354,59],"product_tag":[417,402],"class_list":{"0":"post-7177","1":"product","2":"type-product","3":"status-publish","4":"has-post-thumbnail","6":"product_cat-creme","7":"product_cat-exfoliant","8":"product_cat-fundamentals","9":"product_cat-visage","10":"product_tag-creme","11":"product_tag-exfoliant-masque","13":"first","14":"instock","15":"taxable","16":"shipping-taxable","17":"product-type-simple"},"acf":[],"lang":"fr","translations":{"fr":7177,"en":15689},"pll_sync_post":[],"_links":{"self":[{"href":"https:\/\/www.ericson-laboratoire.com\/fr\/wp-json\/wp\/v2\/product\/7177","targetHints":{"allow":["GET"]}}],"collection":[{"href":"https:\/\/www.ericson-laboratoire.com\/fr\/wp-json\/wp\/v2\/product"}],"about":[{"href":"https:\/\/www.ericson-laboratoire.com\/fr\/wp-json\/wp\/v2\/types\/product"}],"wp:featuredmedia":[{"embeddable":true,"href":"https:\/\/www.ericson-laboratoire.com\/fr\/wp-json\/wp\/v2\/media\/7203"}],"wp:attachment":[{"href":"https:\/\/www.ericson-laboratoire.com\/fr\/wp-json\/wp\/v2\/media?parent=7177"}],"wp:term":[{"taxonomy":"product_brand","embeddable":true,"href":"https:\/\/www.ericson-laboratoire.com\/fr\/wp-json\/wp\/v2\/product_brand?post=7177"},{"taxonomy":"product_cat","embeddable":true,"href":"https:\/\/www.ericson-laboratoire.com\/fr\/wp-json\/wp\/v2\/product_cat?post=7177"},{"taxonomy":"product_tag","embeddable":true,"href":"https:\/\/www.ericson-laboratoire.com\/fr\/wp-json\/wp\/v2\/product_tag?post=7177"}],"curies":[{"name":"wp","href":"https:\/\/api.w.org\/{rel}","templated":true}]}}