{"id":7070,"date":"2021-08-27T11:42:36","date_gmt":"2021-08-27T09:42:36","guid":{"rendered":"https:\/\/www.ericson-laboratoire.com\/fr\/?post_type=product&#038;p=7070"},"modified":"2026-03-13T14:51:44","modified_gmt":"2026-03-13T13:51:44","slug":"bi-phase-make-up-remover","status":"publish","type":"product","link":"https:\/\/www.ericson-laboratoire.com\/fr\/produit\/bi-phase-make-up-remover\/","title":{"rendered":"BI-PHASE MAKE-UP REMOVER"},"content":{"rendered":"","protected":false},"excerpt":{"rendered":"<p><strong>D\u00e9maquillant sp\u00e9cifique yeux<\/strong><\/p>\n<p>Une formule moiti\u00e9 huile et moiti\u00e9 eau qui assure un d\u00e9maquillage efficace m\u00eame pour le maquillage waterproof, tout en respectant la fragilit\u00e9 de la zone oculaire.<\/p>\n<p>\u2022 Convient aux yeux sensibles et porteurs de lentilles.<\/p>\n<hr \/>\n<p>&nbsp;<\/p>\n<p>ERICSON LABORATOIRE propose une gamme de d\u00e9maquillants, nettoyants et gommages con\u00e7us comme la premi\u00e8re \u00e9tape fondamentale et incontournable de votre protocole de soins. Les formules expertes de la gamme FUNDAMENTALS permettent de d\u00e9barrasser facilement la peau des impuret\u00e9s et r\u00e9sidus accumul\u00e9s, quel que soit votre type de peau, vos habitudes en termes de maquillage et vos pr\u00e9f\u00e9rences en mati\u00e8re de texture.<\/p>\n","protected":false},"featured_media":7201,"template":"","meta":{"_acf_changed":false},"product_brand":[],"product_cat":[378,354,476,452,59],"product_tag":[422,399],"class_list":{"0":"post-7070","1":"product","2":"type-product","3":"status-publish","4":"has-post-thumbnail","6":"product_cat-demaquillants","7":"product_cat-fundamentals","8":"product_cat-lotion","9":"product_cat-soin-contour-de-loeil","10":"product_cat-visage","11":"product_tag-lotion","12":"product_tag-soin-contour-de-loeil","14":"first","15":"instock","16":"taxable","17":"shipping-taxable","18":"product-type-simple"},"acf":[],"lang":"fr","translations":{"fr":7070,"en":15687},"pll_sync_post":[],"_links":{"self":[{"href":"https:\/\/www.ericson-laboratoire.com\/fr\/wp-json\/wp\/v2\/product\/7070","targetHints":{"allow":["GET"]}}],"collection":[{"href":"https:\/\/www.ericson-laboratoire.com\/fr\/wp-json\/wp\/v2\/product"}],"about":[{"href":"https:\/\/www.ericson-laboratoire.com\/fr\/wp-json\/wp\/v2\/types\/product"}],"wp:featuredmedia":[{"embeddable":true,"href":"https:\/\/www.ericson-laboratoire.com\/fr\/wp-json\/wp\/v2\/media\/7201"}],"wp:attachment":[{"href":"https:\/\/www.ericson-laboratoire.com\/fr\/wp-json\/wp\/v2\/media?parent=7070"}],"wp:term":[{"taxonomy":"product_brand","embeddable":true,"href":"https:\/\/www.ericson-laboratoire.com\/fr\/wp-json\/wp\/v2\/product_brand?post=7070"},{"taxonomy":"product_cat","embeddable":true,"href":"https:\/\/www.ericson-laboratoire.com\/fr\/wp-json\/wp\/v2\/product_cat?post=7070"},{"taxonomy":"product_tag","embeddable":true,"href":"https:\/\/www.ericson-laboratoire.com\/fr\/wp-json\/wp\/v2\/product_tag?post=7070"}],"curies":[{"name":"wp","href":"https:\/\/api.w.org\/{rel}","templated":true}]}}