{"id":568,"date":"2018-07-25T14:28:55","date_gmt":"2018-07-25T12:28:55","guid":{"rendered":"https:\/\/www.ericson-laboratoire.com\/fr\/produit\/be-fresh-milk-9\/"},"modified":"2026-01-08T18:10:14","modified_gmt":"2026-01-08T17:10:14","slug":"be-fresh-milk-9","status":"publish","type":"product","link":"https:\/\/www.ericson-laboratoire.com\/fr\/produit\/be-fresh-milk-9\/","title":{"rendered":"VIT C PURE COMPLEX"},"content":{"rendered":"","protected":false},"excerpt":{"rendered":"<p>\u2022 Formule fine et l\u00e9g\u00e8re concentr\u00e9e \u00e0 20% en Vitamine C stabilis\u00e9e<br \/>\n\u2022 Effet \u00ab\u00a0recharge\u00a0\u00bb contre la fatigue cutan\u00e9e et protection anti-stress oxydatif<br \/>\n\u2022 Le teint para\u00eet plus \u00e9clatant, uniforme et lumineux jour apr\u00e8s jour<\/p>\n<hr \/>\n<p>Les b\u00e9n\u00e9fices de la m\u00e9soth\u00e9rapie, micro-injections de vitamines, ont inspir\u00e9 Ericson Laboratoire pour l\u2019\u00e9laboration de soins boosters revitalisants. VITAMIN ENERGY est une gamme de soins d\u00e9velopp\u00e9e pour les peaux fatigu\u00e9es, leur permettant de retrouver vitalit\u00e9 et \u00e9clat gr\u00e2ce \u00e0 un cocktail exclusif d\u2019actifs \u00e9nergisants et re-dynamisants.<\/p>\n","protected":false},"featured_media":19552,"template":"","meta":{"_acf_changed":false},"product_brand":[],"product_cat":[464,456,451,59,76],"product_tag":[411,403,398],"class_list":{"0":"post-568","1":"product","2":"type-product","3":"status-publish","4":"has-post-thumbnail","6":"product_cat-energie-anti-fatigue-cutanee","7":"product_cat-serum","8":"product_cat-soin-pour-le-cou","9":"product_cat-visage","10":"product_cat-vitamin-energy","11":"product_tag-energie-anti-fatigue-cutanee","12":"product_tag-serum","13":"product_tag-soin-pour-le-cou","15":"first","16":"instock","17":"taxable","18":"shipping-taxable","19":"product-type-simple"},"acf":[],"lang":"fr","translations":{"fr":568,"en":15661},"pll_sync_post":[],"_links":{"self":[{"href":"https:\/\/www.ericson-laboratoire.com\/fr\/wp-json\/wp\/v2\/product\/568","targetHints":{"allow":["GET"]}}],"collection":[{"href":"https:\/\/www.ericson-laboratoire.com\/fr\/wp-json\/wp\/v2\/product"}],"about":[{"href":"https:\/\/www.ericson-laboratoire.com\/fr\/wp-json\/wp\/v2\/types\/product"}],"wp:featuredmedia":[{"embeddable":true,"href":"https:\/\/www.ericson-laboratoire.com\/fr\/wp-json\/wp\/v2\/media\/19552"}],"wp:attachment":[{"href":"https:\/\/www.ericson-laboratoire.com\/fr\/wp-json\/wp\/v2\/media?parent=568"}],"wp:term":[{"taxonomy":"product_brand","embeddable":true,"href":"https:\/\/www.ericson-laboratoire.com\/fr\/wp-json\/wp\/v2\/product_brand?post=568"},{"taxonomy":"product_cat","embeddable":true,"href":"https:\/\/www.ericson-laboratoire.com\/fr\/wp-json\/wp\/v2\/product_cat?post=568"},{"taxonomy":"product_tag","embeddable":true,"href":"https:\/\/www.ericson-laboratoire.com\/fr\/wp-json\/wp\/v2\/product_tag?post=568"}],"curies":[{"name":"wp","href":"https:\/\/api.w.org\/{rel}","templated":true}]}}