{"id":541,"date":"2018-07-25T14:43:44","date_gmt":"2018-07-25T12:43:44","guid":{"rendered":"https:\/\/www.ericson-laboratoire.com\/fr\/produit\/be-fresh-milk-7\/"},"modified":"2026-01-08T18:10:15","modified_gmt":"2026-01-08T17:10:15","slug":"be-fresh-milk-7","status":"publish","type":"product","link":"https:\/\/www.ericson-laboratoire.com\/fr\/produit\/be-fresh-milk-7\/","title":{"rendered":"DEEP DENSITY CREAM MASK"},"content":{"rendered":"","protected":false},"excerpt":{"rendered":"<p>\u2022 Texture dense et cr\u00e9meuse aux actifs revitalisants et r\u00e9g\u00e9n\u00e9rants<br \/>\n\u2022 Formule enrichie d\u2019un cocktail multi-vitamin\u00e9 (Vit C, Vit E, Vit B3, B5, B6, B8) et en taurine v\u00e9g\u00e9tale \u00e9nergisante<br \/>\n\u2022 Contribue \u00e0 redonner \u00e9clat et dynamisme aux peaux fatigu\u00e9es et atones<\/p>\n<hr \/>\n<p>Les b\u00e9n\u00e9fices de la m\u00e9soth\u00e9rapie, micro-injections de vitamines, ont inspir\u00e9 Ericson Laboratoire pour l\u2019\u00e9laboration de soins boosters revitalisants. VITAMIN ENERGY est une gamme de soins d\u00e9velopp\u00e9e pour les peaux fatigu\u00e9es, leur permettant de retrouver vitalit\u00e9 et \u00e9clat gr\u00e2ce \u00e0 un cocktail exclusif d\u2019actifs \u00e9nergisants et re-dynamisants.<\/p>\n","protected":false},"featured_media":19551,"template":"","meta":{"_acf_changed":false},"product_brand":[],"product_cat":[464,471,455,59,76],"product_tag":[417,411,402],"class_list":{"0":"post-541","1":"product","2":"type-product","3":"status-publish","4":"has-post-thumbnail","6":"product_cat-energie-anti-fatigue-cutanee","7":"product_cat-creme","8":"product_cat-masque","9":"product_cat-visage","10":"product_cat-vitamin-energy","11":"product_tag-creme","12":"product_tag-energie-anti-fatigue-cutanee","13":"product_tag-exfoliant-masque","15":"first","16":"instock","17":"taxable","18":"shipping-taxable","19":"product-type-simple"},"acf":[],"lang":"fr","translations":{"fr":541,"en":15664},"pll_sync_post":[],"_links":{"self":[{"href":"https:\/\/www.ericson-laboratoire.com\/fr\/wp-json\/wp\/v2\/product\/541","targetHints":{"allow":["GET"]}}],"collection":[{"href":"https:\/\/www.ericson-laboratoire.com\/fr\/wp-json\/wp\/v2\/product"}],"about":[{"href":"https:\/\/www.ericson-laboratoire.com\/fr\/wp-json\/wp\/v2\/types\/product"}],"wp:featuredmedia":[{"embeddable":true,"href":"https:\/\/www.ericson-laboratoire.com\/fr\/wp-json\/wp\/v2\/media\/19551"}],"wp:attachment":[{"href":"https:\/\/www.ericson-laboratoire.com\/fr\/wp-json\/wp\/v2\/media?parent=541"}],"wp:term":[{"taxonomy":"product_brand","embeddable":true,"href":"https:\/\/www.ericson-laboratoire.com\/fr\/wp-json\/wp\/v2\/product_brand?post=541"},{"taxonomy":"product_cat","embeddable":true,"href":"https:\/\/www.ericson-laboratoire.com\/fr\/wp-json\/wp\/v2\/product_cat?post=541"},{"taxonomy":"product_tag","embeddable":true,"href":"https:\/\/www.ericson-laboratoire.com\/fr\/wp-json\/wp\/v2\/product_tag?post=541"}],"curies":[{"name":"wp","href":"https:\/\/api.w.org\/{rel}","templated":true}]}}