{"id":539,"date":"2018-07-25T14:35:52","date_gmt":"2018-07-25T12:35:52","guid":{"rendered":"https:\/\/www.ericson-laboratoire.com\/fr\/produit\/be-fresh-milk-5\/"},"modified":"2026-01-08T18:10:15","modified_gmt":"2026-01-08T17:10:15","slug":"be-fresh-milk-5","status":"publish","type":"product","link":"https:\/\/www.ericson-laboratoire.com\/fr\/produit\/be-fresh-milk-5\/","title":{"rendered":"ESSENTIAL NUTRITION"},"content":{"rendered":"","protected":false},"excerpt":{"rendered":"<p>\u2022 Formule fondante aux actifs \u00e9nergisants, revitalisants et anti-oxydants<br \/>\n\u2022 Enrichie en vitamine-C stabilis\u00e9e bio-disponible pour aider \u00e0 pr\u00e9venir et r\u00e9parer les signes de vieillissement pr\u00e9matur\u00e9<br \/>\n\u2022 Contribue \u00e0 un teint d\u00e9fatigu\u00e9, lumineux et \u00e9clatant<\/p>\n<hr \/>\n<p>Les b\u00e9n\u00e9fices de la m\u00e9soth\u00e9rapie, micro-injections de vitamines, ont inspir\u00e9 Ericson Laboratoire pour l\u2019\u00e9laboration de soins boosters revitalisants. VITAMIN ENERGY est une gamme de soins d\u00e9velopp\u00e9e pour les peaux fatigu\u00e9es, leur permettant de retrouver vitalit\u00e9 et \u00e9clat gr\u00e2ce \u00e0 un cocktail exclusif d\u2019actifs \u00e9nergisants et re-dynamisants.<\/p>\n","protected":false},"featured_media":19554,"template":"","meta":{"_acf_changed":false},"product_brand":[],"product_cat":[464,471,453,59,76],"product_tag":[417,400,411],"class_list":{"0":"post-539","1":"product","2":"type-product","3":"status-publish","4":"has-post-thumbnail","6":"product_cat-energie-anti-fatigue-cutanee","7":"product_cat-creme","8":"product_cat-creme-de-jour-creme-de-nuit","9":"product_cat-visage","10":"product_cat-vitamin-energy","11":"product_tag-creme","12":"product_tag-creme-de-jour-creme-de-nuit","13":"product_tag-energie-anti-fatigue-cutanee","15":"first","16":"instock","17":"taxable","18":"shipping-taxable","19":"product-type-simple"},"acf":[],"lang":"fr","translations":{"fr":539,"en":15663},"pll_sync_post":[],"_links":{"self":[{"href":"https:\/\/www.ericson-laboratoire.com\/fr\/wp-json\/wp\/v2\/product\/539","targetHints":{"allow":["GET"]}}],"collection":[{"href":"https:\/\/www.ericson-laboratoire.com\/fr\/wp-json\/wp\/v2\/product"}],"about":[{"href":"https:\/\/www.ericson-laboratoire.com\/fr\/wp-json\/wp\/v2\/types\/product"}],"wp:featuredmedia":[{"embeddable":true,"href":"https:\/\/www.ericson-laboratoire.com\/fr\/wp-json\/wp\/v2\/media\/19554"}],"wp:attachment":[{"href":"https:\/\/www.ericson-laboratoire.com\/fr\/wp-json\/wp\/v2\/media?parent=539"}],"wp:term":[{"taxonomy":"product_brand","embeddable":true,"href":"https:\/\/www.ericson-laboratoire.com\/fr\/wp-json\/wp\/v2\/product_brand?post=539"},{"taxonomy":"product_cat","embeddable":true,"href":"https:\/\/www.ericson-laboratoire.com\/fr\/wp-json\/wp\/v2\/product_cat?post=539"},{"taxonomy":"product_tag","embeddable":true,"href":"https:\/\/www.ericson-laboratoire.com\/fr\/wp-json\/wp\/v2\/product_tag?post=539"}],"curies":[{"name":"wp","href":"https:\/\/api.w.org\/{rel}","templated":true}]}}