{"id":440,"date":"2018-07-06T12:09:24","date_gmt":"2018-07-06T10:09:24","guid":{"rendered":"https:\/\/www.ericson-laboratoire.com\/fr\/produit\/sebo-creme\/"},"modified":"2026-01-08T18:09:25","modified_gmt":"2026-01-08T17:09:25","slug":"sebo-creme","status":"publish","type":"product","link":"https:\/\/www.ericson-laboratoire.com\/fr\/produit\/sebo-creme\/","title":{"rendered":"SEBO-CREME"},"content":{"rendered":"","protected":false},"excerpt":{"rendered":"<p>\u2022 \u00c9mulsion apaisante anti-brillance<br \/>\n\u2022 Aide \u00e0 r\u00e9guler la s\u00e9cr\u00e9tion s\u00e9bac\u00e9e<br \/>\n\u2022 Grain de peau affin\u00e9 et uniformis\u00e9<\/p>\n<hr \/>\n<p>[ACTI-BIOTIC] Une gamme con\u00e7ue pour les peaux mixtes\/grasses \u00e0 tendance acn\u00e9ique. Ses actifs s\u00e9bo-r\u00e9gulateurs contribuent \u00e0 limiter l\u2019apparition des imperfections, \u00e0 contr\u00f4ler leur \u00e9volution tout en pr\u00e9venant les marques r\u00e9siduelles. La peau est visiblement assainie et clarifi\u00e9e.<\/p>\n","protected":false},"featured_media":19555,"template":"","meta":{"_acf_changed":false},"product_brand":[],"product_cat":[66,471,453,465,59],"product_tag":[417,400,412],"class_list":{"0":"post-440","1":"product","2":"type-product","3":"status-publish","4":"has-post-thumbnail","6":"product_cat-acti-biotic","7":"product_cat-creme","8":"product_cat-creme-de-jour-creme-de-nuit","9":"product_cat-purifier","10":"product_cat-visage","11":"product_tag-creme","12":"product_tag-creme-de-jour-creme-de-nuit","13":"product_tag-purifier","15":"first","16":"instock","17":"taxable","18":"shipping-taxable","19":"product-type-simple"},"acf":[],"lang":"fr","translations":{"fr":440,"en":15669},"pll_sync_post":[],"_links":{"self":[{"href":"https:\/\/www.ericson-laboratoire.com\/fr\/wp-json\/wp\/v2\/product\/440","targetHints":{"allow":["GET"]}}],"collection":[{"href":"https:\/\/www.ericson-laboratoire.com\/fr\/wp-json\/wp\/v2\/product"}],"about":[{"href":"https:\/\/www.ericson-laboratoire.com\/fr\/wp-json\/wp\/v2\/types\/product"}],"wp:featuredmedia":[{"embeddable":true,"href":"https:\/\/www.ericson-laboratoire.com\/fr\/wp-json\/wp\/v2\/media\/19555"}],"wp:attachment":[{"href":"https:\/\/www.ericson-laboratoire.com\/fr\/wp-json\/wp\/v2\/media?parent=440"}],"wp:term":[{"taxonomy":"product_brand","embeddable":true,"href":"https:\/\/www.ericson-laboratoire.com\/fr\/wp-json\/wp\/v2\/product_brand?post=440"},{"taxonomy":"product_cat","embeddable":true,"href":"https:\/\/www.ericson-laboratoire.com\/fr\/wp-json\/wp\/v2\/product_cat?post=440"},{"taxonomy":"product_tag","embeddable":true,"href":"https:\/\/www.ericson-laboratoire.com\/fr\/wp-json\/wp\/v2\/product_tag?post=440"}],"curies":[{"name":"wp","href":"https:\/\/api.w.org\/{rel}","templated":true}]}}