{"id":20149,"date":"2024-10-03T09:50:47","date_gmt":"2024-10-03T07:50:47","guid":{"rendered":"https:\/\/www.ericson-laboratoire.com\/fr\/?post_type=product&#038;p=20149"},"modified":"2026-01-08T18:16:34","modified_gmt":"2026-01-08T17:16:34","slug":"creme-legere-tensive","status":"publish","type":"product","link":"https:\/\/www.ericson-laboratoire.com\/fr\/produit\/creme-legere-tensive\/","title":{"rendered":"CR\u00c8ME L\u00c9G\u00c8RE TENSIVE"},"content":{"rendered":"","protected":false},"excerpt":{"rendered":"","protected":false},"featured_media":20145,"template":"","meta":{"_acf_changed":false},"product_brand":[],"product_cat":[471,453,467,977,59],"product_tag":[],"class_list":{"0":"post-20149","1":"product","2":"type-product","3":"status-publish","4":"has-post-thumbnail","6":"product_cat-creme","7":"product_cat-creme-de-jour-creme-de-nuit","8":"product_cat-lifting-oval-du-visage","9":"product_cat-v-contour-lift","10":"product_cat-visage","12":"first","13":"instock","14":"taxable","15":"shipping-taxable","16":"product-type-simple"},"acf":[],"lang":"fr","translations":{"fr":20149,"en":20928},"pll_sync_post":[],"_links":{"self":[{"href":"https:\/\/www.ericson-laboratoire.com\/fr\/wp-json\/wp\/v2\/product\/20149","targetHints":{"allow":["GET"]}}],"collection":[{"href":"https:\/\/www.ericson-laboratoire.com\/fr\/wp-json\/wp\/v2\/product"}],"about":[{"href":"https:\/\/www.ericson-laboratoire.com\/fr\/wp-json\/wp\/v2\/types\/product"}],"wp:featuredmedia":[{"embeddable":true,"href":"https:\/\/www.ericson-laboratoire.com\/fr\/wp-json\/wp\/v2\/media\/20145"}],"wp:attachment":[{"href":"https:\/\/www.ericson-laboratoire.com\/fr\/wp-json\/wp\/v2\/media?parent=20149"}],"wp:term":[{"taxonomy":"product_brand","embeddable":true,"href":"https:\/\/www.ericson-laboratoire.com\/fr\/wp-json\/wp\/v2\/product_brand?post=20149"},{"taxonomy":"product_cat","embeddable":true,"href":"https:\/\/www.ericson-laboratoire.com\/fr\/wp-json\/wp\/v2\/product_cat?post=20149"},{"taxonomy":"product_tag","embeddable":true,"href":"https:\/\/www.ericson-laboratoire.com\/fr\/wp-json\/wp\/v2\/product_tag?post=20149"}],"curies":[{"name":"wp","href":"https:\/\/api.w.org\/{rel}","templated":true}]}}