{"id":16384,"date":"2023-11-14T15:34:54","date_gmt":"2023-11-14T14:34:54","guid":{"rendered":"https:\/\/www.ericson-laboratoire.com\/fr\/?post_type=product&#038;p=16384"},"modified":"2026-01-08T18:17:34","modified_gmt":"2026-01-08T17:17:34","slug":"creme-densi-regenerante","status":"publish","type":"product","link":"https:\/\/www.ericson-laboratoire.com\/fr\/produit\/creme-densi-regenerante\/","title":{"rendered":"CR\u00c8ME DENSI-R\u00c9G\u00c9N\u00c9RANTE"},"content":{"rendered":"","protected":false},"excerpt":{"rendered":"","protected":false},"featured_media":16850,"template":"","meta":{"_acf_changed":false},"product_brand":[],"product_cat":[471,453,451,468,945,59],"product_tag":[],"class_list":{"0":"post-16384","1":"product","2":"type-product","3":"status-publish","4":"has-post-thumbnail","6":"product_cat-creme","7":"product_cat-creme-de-jour-creme-de-nuit","8":"product_cat-soin-pour-le-cou","9":"product_cat-soins-anti-rides","10":"product_cat-supreme-4d","11":"product_cat-visage","13":"first","14":"instock","15":"taxable","16":"shipping-taxable","17":"product-type-simple"},"acf":[],"lang":"fr","translations":{"fr":16384,"en":17657},"pll_sync_post":[],"_links":{"self":[{"href":"https:\/\/www.ericson-laboratoire.com\/fr\/wp-json\/wp\/v2\/product\/16384","targetHints":{"allow":["GET"]}}],"collection":[{"href":"https:\/\/www.ericson-laboratoire.com\/fr\/wp-json\/wp\/v2\/product"}],"about":[{"href":"https:\/\/www.ericson-laboratoire.com\/fr\/wp-json\/wp\/v2\/types\/product"}],"wp:featuredmedia":[{"embeddable":true,"href":"https:\/\/www.ericson-laboratoire.com\/fr\/wp-json\/wp\/v2\/media\/16850"}],"wp:attachment":[{"href":"https:\/\/www.ericson-laboratoire.com\/fr\/wp-json\/wp\/v2\/media?parent=16384"}],"wp:term":[{"taxonomy":"product_brand","embeddable":true,"href":"https:\/\/www.ericson-laboratoire.com\/fr\/wp-json\/wp\/v2\/product_brand?post=16384"},{"taxonomy":"product_cat","embeddable":true,"href":"https:\/\/www.ericson-laboratoire.com\/fr\/wp-json\/wp\/v2\/product_cat?post=16384"},{"taxonomy":"product_tag","embeddable":true,"href":"https:\/\/www.ericson-laboratoire.com\/fr\/wp-json\/wp\/v2\/product_tag?post=16384"}],"curies":[{"name":"wp","href":"https:\/\/api.w.org\/{rel}","templated":true}]}}