{"id":12448,"date":"2023-01-11T14:35:40","date_gmt":"2023-01-11T13:35:40","guid":{"rendered":"https:\/\/www.ericson-laboratoire.com\/fr\/?post_type=product&#038;p=12448"},"modified":"2026-01-08T18:10:59","modified_gmt":"2026-01-08T17:10:59","slug":"creme-nutri-regenerante-globale","status":"publish","type":"product","link":"https:\/\/www.ericson-laboratoire.com\/fr\/produit\/creme-nutri-regenerante-globale\/","title":{"rendered":"CR\u00c8ME NUTRI-R\u00c9G\u00c9N\u00c9RANTE GLOBALE"},"content":{"rendered":"","protected":false},"excerpt":{"rendered":"","protected":false},"featured_media":14718,"template":"","meta":{"_acf_changed":false},"product_brand":[],"product_cat":[471,513,460,462,452,469,468,59],"product_tag":[],"class_list":{"0":"post-12448","1":"product","2":"type-product","3":"status-publish","4":"has-post-thumbnail","6":"product_cat-creme","7":"product_cat-eye-zone","8":"product_cat-hydratation","9":"product_cat-apaiser-calmer","10":"product_cat-soin-contour-de-loeil","11":"product_cat-regenerer-rafermir","12":"product_cat-soins-anti-rides","13":"product_cat-visage","15":"first","16":"instock","17":"taxable","18":"shipping-taxable","19":"product-type-simple"},"acf":[],"lang":"fr","translations":{"fr":12448,"en":15551},"pll_sync_post":[],"_links":{"self":[{"href":"https:\/\/www.ericson-laboratoire.com\/fr\/wp-json\/wp\/v2\/product\/12448","targetHints":{"allow":["GET"]}}],"collection":[{"href":"https:\/\/www.ericson-laboratoire.com\/fr\/wp-json\/wp\/v2\/product"}],"about":[{"href":"https:\/\/www.ericson-laboratoire.com\/fr\/wp-json\/wp\/v2\/types\/product"}],"wp:featuredmedia":[{"embeddable":true,"href":"https:\/\/www.ericson-laboratoire.com\/fr\/wp-json\/wp\/v2\/media\/14718"}],"wp:attachment":[{"href":"https:\/\/www.ericson-laboratoire.com\/fr\/wp-json\/wp\/v2\/media?parent=12448"}],"wp:term":[{"taxonomy":"product_brand","embeddable":true,"href":"https:\/\/www.ericson-laboratoire.com\/fr\/wp-json\/wp\/v2\/product_brand?post=12448"},{"taxonomy":"product_cat","embeddable":true,"href":"https:\/\/www.ericson-laboratoire.com\/fr\/wp-json\/wp\/v2\/product_cat?post=12448"},{"taxonomy":"product_tag","embeddable":true,"href":"https:\/\/www.ericson-laboratoire.com\/fr\/wp-json\/wp\/v2\/product_tag?post=12448"}],"curies":[{"name":"wp","href":"https:\/\/api.w.org\/{rel}","templated":true}]}}