{"id":10717,"date":"2022-08-03T15:41:52","date_gmt":"2022-08-03T13:41:52","guid":{"rendered":"https:\/\/www.ericson-laboratoire.com\/fr\/?post_type=product&#038;p=10717"},"modified":"2026-01-08T18:06:35","modified_gmt":"2026-01-08T17:06:35","slug":"nutri-baume-levres","status":"publish","type":"product","link":"https:\/\/www.ericson-laboratoire.com\/fr\/produit\/nutri-baume-levres\/","title":{"rendered":"nutri-baume l\u00e8vres"},"content":{"rendered":"","protected":false},"excerpt":{"rendered":"<p>\u2022 R\u00e9pare, nourrit et prot\u00e8ge<br \/>\n\u2022 Acide hyaluronique hydra-repulpant<br \/>\n\u2022 Redonne volume, confort et douceur<\/p>\n<hr \/>\n<p>Ericson Laboratoire renforce son expertise de l\u2019hydratation cutan\u00e9e avec une gamme de soins hautement concentr\u00e9s en actifs pour agir simultan\u00e9ment sur les diff\u00e9rents param\u00e8tres du capital hydrique de la peau. La gamme HYDRA ADVANCED aide \u00e0 restaurer, pr\u00e9server et optimiser l\u2019\u00e9quilibre hydro-lipidique des peaux s\u00e8ches et d\u00e9shydrat\u00e9es, en soutenant leurs m\u00e9canismes naturels d\u2019hydratation et en restructurant la barri\u00e8re \u00e9pidermique.<\/p>\n","protected":false},"featured_media":14859,"template":"","meta":{"_acf_changed":false},"product_brand":[],"product_cat":[474,512,460,462,458,59],"product_tag":[],"class_list":{"0":"post-10717","1":"product","2":"type-product","3":"status-publish","4":"has-post-thumbnail","6":"product_cat-huile","7":"product_cat-hydra-advanced","8":"product_cat-hydratation","9":"product_cat-apaiser-calmer","10":"product_cat-soin-des-levres","11":"product_cat-visage","13":"first","14":"instock","15":"taxable","16":"shipping-taxable","17":"product-type-simple"},"acf":[],"lang":"fr","translations":{"fr":10717,"en":15636},"pll_sync_post":[],"_links":{"self":[{"href":"https:\/\/www.ericson-laboratoire.com\/fr\/wp-json\/wp\/v2\/product\/10717","targetHints":{"allow":["GET"]}}],"collection":[{"href":"https:\/\/www.ericson-laboratoire.com\/fr\/wp-json\/wp\/v2\/product"}],"about":[{"href":"https:\/\/www.ericson-laboratoire.com\/fr\/wp-json\/wp\/v2\/types\/product"}],"wp:featuredmedia":[{"embeddable":true,"href":"https:\/\/www.ericson-laboratoire.com\/fr\/wp-json\/wp\/v2\/media\/14859"}],"wp:attachment":[{"href":"https:\/\/www.ericson-laboratoire.com\/fr\/wp-json\/wp\/v2\/media?parent=10717"}],"wp:term":[{"taxonomy":"product_brand","embeddable":true,"href":"https:\/\/www.ericson-laboratoire.com\/fr\/wp-json\/wp\/v2\/product_brand?post=10717"},{"taxonomy":"product_cat","embeddable":true,"href":"https:\/\/www.ericson-laboratoire.com\/fr\/wp-json\/wp\/v2\/product_cat?post=10717"},{"taxonomy":"product_tag","embeddable":true,"href":"https:\/\/www.ericson-laboratoire.com\/fr\/wp-json\/wp\/v2\/product_tag?post=10717"}],"curies":[{"name":"wp","href":"https:\/\/api.w.org\/{rel}","templated":true}]}}