{"id":10716,"date":"2022-08-03T15:40:52","date_gmt":"2022-08-03T13:40:52","guid":{"rendered":"https:\/\/www.ericson-laboratoire.com\/fr\/?post_type=product&#038;p=10716"},"modified":"2026-01-08T18:06:35","modified_gmt":"2026-01-08T17:06:35","slug":"creme-nutri-resiliente","status":"publish","type":"product","link":"https:\/\/www.ericson-laboratoire.com\/fr\/produit\/creme-nutri-resiliente\/","title":{"rendered":"cr\u00e8me nutri-r\u00e9siliente"},"content":{"rendered":"","protected":false},"excerpt":{"rendered":"<p>\u2022 Texture onctueuse et velout\u00e9e \u00e0 l\u2019acide hyaluronique adapt\u00e9e aux peaux les plus s\u00e8ches et fragilis\u00e9es<br \/>\n\u2022 Riche en huiles r\u00e9confortantes et r\u00e9g\u00e9n\u00e9rantes pour compenser les carences hydro-lipidiques<br \/>\n\u2022 Aide \u00e0 r\u00e9activer les processus de r\u00e9paration pour une peau plus confortable et r\u00e9sistante<\/p>\n<hr \/>\n<p>Ericson Laboratoire renforce son expertise de l\u2019hydratation cutan\u00e9e avec une gamme de soins hautement concentr\u00e9s en actifs pour agir simultan\u00e9ment sur les diff\u00e9rents param\u00e8tres du capital hydrique de la peau. La gamme HYDRA ADVANCED aide \u00e0 restaurer, pr\u00e9server et optimiser l\u2019\u00e9quilibre hydro-lipidique des peaux s\u00e8ches et d\u00e9shydrat\u00e9es, en soutenant leurs m\u00e9canismes naturels d\u2019hydratation et en restructurant la barri\u00e8re \u00e9pidermique.<\/p>\n","protected":false},"featured_media":14864,"template":"","meta":{"_acf_changed":false},"product_brand":[],"product_cat":[471,453,512,460,462,59],"product_tag":[],"class_list":{"0":"post-10716","1":"product","2":"type-product","3":"status-publish","4":"has-post-thumbnail","6":"product_cat-creme","7":"product_cat-creme-de-jour-creme-de-nuit","8":"product_cat-hydra-advanced","9":"product_cat-hydratation","10":"product_cat-apaiser-calmer","11":"product_cat-visage","13":"first","14":"instock","15":"taxable","16":"shipping-taxable","17":"product-type-simple"},"acf":[],"lang":"fr","translations":{"fr":10716,"en":15640},"pll_sync_post":[],"_links":{"self":[{"href":"https:\/\/www.ericson-laboratoire.com\/fr\/wp-json\/wp\/v2\/product\/10716","targetHints":{"allow":["GET"]}}],"collection":[{"href":"https:\/\/www.ericson-laboratoire.com\/fr\/wp-json\/wp\/v2\/product"}],"about":[{"href":"https:\/\/www.ericson-laboratoire.com\/fr\/wp-json\/wp\/v2\/types\/product"}],"wp:featuredmedia":[{"embeddable":true,"href":"https:\/\/www.ericson-laboratoire.com\/fr\/wp-json\/wp\/v2\/media\/14864"}],"wp:attachment":[{"href":"https:\/\/www.ericson-laboratoire.com\/fr\/wp-json\/wp\/v2\/media?parent=10716"}],"wp:term":[{"taxonomy":"product_brand","embeddable":true,"href":"https:\/\/www.ericson-laboratoire.com\/fr\/wp-json\/wp\/v2\/product_brand?post=10716"},{"taxonomy":"product_cat","embeddable":true,"href":"https:\/\/www.ericson-laboratoire.com\/fr\/wp-json\/wp\/v2\/product_cat?post=10716"},{"taxonomy":"product_tag","embeddable":true,"href":"https:\/\/www.ericson-laboratoire.com\/fr\/wp-json\/wp\/v2\/product_tag?post=10716"}],"curies":[{"name":"wp","href":"https:\/\/api.w.org\/{rel}","templated":true}]}}