{"id":10712,"date":"2022-08-03T15:36:11","date_gmt":"2022-08-03T13:36:11","guid":{"rendered":"https:\/\/www.ericson-laboratoire.com\/fr\/?post_type=product&#038;p=10712"},"modified":"2026-01-08T18:06:34","modified_gmt":"2026-01-08T17:06:34","slug":"serum-aqua-fixateur-aqp3","status":"publish","type":"product","link":"https:\/\/www.ericson-laboratoire.com\/fr\/produit\/serum-aqua-fixateur-aqp3\/","title":{"rendered":"S\u00c9RUM AQUA-FIXATEUR AQP3"},"content":{"rendered":"","protected":false},"excerpt":{"rendered":"<p>\u2022 Formule hydro-g\u00e9lifi\u00e9e enrichie en phyto-extraits hydratants et acide hyaluronique<br \/>\n\u2022 Contribue \u00e0 limiter les carences hydriques en agissant comme un r\u00e9servoir hydratant biomim\u00e9tique<br \/>\n\u2022 Aide \u00e0 apaiser et ressourcer les peaux d\u00e9shydrat\u00e9es<\/p>\n<hr \/>\n<p>Ericson Laboratoire renforce son expertise de l\u2019hydratation cutan\u00e9e avec une gamme de soins hautement concentr\u00e9s en actifs pour agir simultan\u00e9ment sur les diff\u00e9rents param\u00e8tres du capital hydrique de la peau. La gamme HYDRA ADVANCED aide \u00e0 restaurer, pr\u00e9server et optimiser l\u2019\u00e9quilibre hydro-lipidique des peaux s\u00e8ches et d\u00e9shydrat\u00e9es, en soutenant leurs m\u00e9canismes naturels d\u2019hydratation et en restructurant la barri\u00e8re \u00e9pidermique.<\/p>\n","protected":false},"featured_media":14860,"template":"","meta":{"_acf_changed":false},"product_brand":[],"product_cat":[512,460,456,59],"product_tag":[],"class_list":{"0":"post-10712","1":"product","2":"type-product","3":"status-publish","4":"has-post-thumbnail","6":"product_cat-hydra-advanced","7":"product_cat-hydratation","8":"product_cat-serum","9":"product_cat-visage","11":"first","12":"instock","13":"taxable","14":"shipping-taxable","15":"product-type-simple"},"acf":[],"lang":"fr","translations":{"fr":10712,"en":15638},"pll_sync_post":[],"_links":{"self":[{"href":"https:\/\/www.ericson-laboratoire.com\/fr\/wp-json\/wp\/v2\/product\/10712","targetHints":{"allow":["GET"]}}],"collection":[{"href":"https:\/\/www.ericson-laboratoire.com\/fr\/wp-json\/wp\/v2\/product"}],"about":[{"href":"https:\/\/www.ericson-laboratoire.com\/fr\/wp-json\/wp\/v2\/types\/product"}],"wp:featuredmedia":[{"embeddable":true,"href":"https:\/\/www.ericson-laboratoire.com\/fr\/wp-json\/wp\/v2\/media\/14860"}],"wp:attachment":[{"href":"https:\/\/www.ericson-laboratoire.com\/fr\/wp-json\/wp\/v2\/media?parent=10712"}],"wp:term":[{"taxonomy":"product_brand","embeddable":true,"href":"https:\/\/www.ericson-laboratoire.com\/fr\/wp-json\/wp\/v2\/product_brand?post=10712"},{"taxonomy":"product_cat","embeddable":true,"href":"https:\/\/www.ericson-laboratoire.com\/fr\/wp-json\/wp\/v2\/product_cat?post=10712"},{"taxonomy":"product_tag","embeddable":true,"href":"https:\/\/www.ericson-laboratoire.com\/fr\/wp-json\/wp\/v2\/product_tag?post=10712"}],"curies":[{"name":"wp","href":"https:\/\/api.w.org\/{rel}","templated":true}]}}