{"id":15115,"date":"2021-06-25T14:13:13","date_gmt":"2021-06-25T12:13:13","guid":{"rendered":"https:\/\/www.ericson-laboratoire.com\/fr\/panier\/"},"modified":"2023-05-26T16:34:30","modified_gmt":"2023-05-26T14:34:30","slug":"cart","status":"publish","type":"page","link":"https:\/\/www.ericson-laboratoire.com\/fr\/cart\/","title":{"rendered":"Cart"},"content":{"rendered":"<p>Saisissez le code WEEKEND10 afin d&rsquo;obtenir une reduction de <strong style=\"color: #4c8b2b;\">10%<\/strong>**<\/p>Vos points fid\u00e9lit\u00e9 :  <br>Collectez des points gr\u00e2ce \u00e0 vos achats et recevez un bon de r\u00e9duction. <u><a href=\"https:\/\/www.ericson-laboratoire.com\/fr\/faq\/\">Pour en savoir plus, cliquez ici.<\/a><\/u>\n\t\t\t\t\t\t\t\t\t\t\t\t\t\t\t<img decoding=\"async\" src=\"https:\/\/www.ericson-laboratoire.com\/fr\/wp-content\/uploads\/elementor\/thumbs\/VanityP3600Gris-pzfmu7am01id8dk35wmucc0tlkw6f648saxv6tqqkk.jpg\" title=\"VanityP3600Gris\" alt=\"VanityP3600Gris\" loading=\"lazy\" \/>\t\t\t\t\t\t\t\t\t\t\t\t\t\t\t\n\t\tUn vanity offert d\u00e8s 100\u20ac d&rsquo;achat<sup>1<\/sup>\t\t\n\t\t\t<a href=\"https:\/\/www.ericson-laboratoire.com\/fr\/cadeaux-offres\/\" role=\"button\">\n\t\t\t\t\t\tVOIR NOS OFFRES DU MOMENT \n\t\t\t\t\t<\/a>\n\t\t\n\t\t\n\t\t\t\t\t\t\t\t\t\t<a href=\"https:\/\/www.ericson-laboratoire.com\/fr\/categorie-produit\/fundamentals\/\">FUNDAMENTALSL&rsquo;\u00e9tape indispensable pour une peau saine et \u00e9quilibr\u00e9e.\n<br>\n<i>D\u00e9maquille &#8211; Nettoie &#8211; Exfolie <\/i>JE D\u00c9COUVRE<\/a>\t\t\t\t\n\t\t<p>**Ne peut \u00eatre utilis\u00e9 conjointement avec d\u2019autres codes promo. Code valable du 03\/12\/2021 au 06\/12\/2021 \u00e0 00h00.<\/p>","protected":false},"excerpt":{"rendered":"<p>Saisissez le code WEEKEND10 afin d&rsquo;obtenir une reduction de 10%** Vos points fid\u00e9lit\u00e9 : Collectez des points gr\u00e2ce \u00e0 vos achats et recevez un bon de r\u00e9duction. Pour en savoir plus, cliquez ici. Un vanity offert d\u00e8s 100\u20ac d&rsquo;achat1 VOIR NOS OFFRES DU MOMENT FUNDAMENTALSL&rsquo;\u00e9tape indispensable pour une peau saine et \u00e9quilibr\u00e9e. D\u00e9maquille &#8211; Nettoie [&hellip;]<\/p>\n","protected":false},"author":1,"featured_media":0,"parent":0,"menu_order":0,"comment_status":"closed","ping_status":"closed","template":"","meta":{"_acf_changed":false,"footnotes":""},"class_list":["post-15115","page","type-page","status-publish","hentry"],"acf":[],"lang":"en","translations":{"en":15115,"fr":9},"pll_sync_post":[],"_links":{"self":[{"href":"https:\/\/www.ericson-laboratoire.com\/fr\/wp-json\/wp\/v2\/pages\/15115","targetHints":{"allow":["GET"]}}],"collection":[{"href":"https:\/\/www.ericson-laboratoire.com\/fr\/wp-json\/wp\/v2\/pages"}],"about":[{"href":"https:\/\/www.ericson-laboratoire.com\/fr\/wp-json\/wp\/v2\/types\/page"}],"author":[{"embeddable":true,"href":"https:\/\/www.ericson-laboratoire.com\/fr\/wp-json\/wp\/v2\/users\/1"}],"replies":[{"embeddable":true,"href":"https:\/\/www.ericson-laboratoire.com\/fr\/wp-json\/wp\/v2\/comments?post=15115"}],"version-history":[{"count":1,"href":"https:\/\/www.ericson-laboratoire.com\/fr\/wp-json\/wp\/v2\/pages\/15115\/revisions"}],"predecessor-version":[{"id":15116,"href":"https:\/\/www.ericson-laboratoire.com\/fr\/wp-json\/wp\/v2\/pages\/15115\/revisions\/15116"}],"wp:attachment":[{"href":"https:\/\/www.ericson-laboratoire.com\/fr\/wp-json\/wp\/v2\/media?parent=15115"}],"curies":[{"name":"wp","href":"https:\/\/api.w.org\/{rel}","templated":true}]}}