{"id":14,"date":"2021-06-25T14:19:32","date_gmt":"2021-06-25T12:19:32","guid":{"rendered":"https:\/\/www.ericson-laboratoire.com\/fr\/?page_id=14"},"modified":"2024-06-07T14:33:26","modified_gmt":"2024-06-07T12:33:26","slug":"soin-en-institut","status":"publish","type":"page","link":"https:\/\/www.ericson-laboratoire.com\/fr\/soin-en-institut\/","title":{"rendered":"SOIN EN INSTITUT"},"content":{"rendered":"\t\t<div data-elementor-type=\"wp-page\" data-elementor-id=\"14\" class=\"elementor elementor-14\" data-elementor-post-type=\"page\">\n\t\t\t\t\t\t<section class=\"elementor-section elementor-top-section elementor-element elementor-element-1de6043 elementor-section-boxed elementor-section-height-default elementor-section-height-default\" data-id=\"1de6043\" data-element_type=\"section\" data-e-type=\"section\">\n\t\t\t\t\t\t<div class=\"elementor-container elementor-column-gap-default\">\n\t\t\t\t\t<div class=\"elementor-column elementor-col-100 elementor-top-column elementor-element elementor-element-55debcb\" data-id=\"55debcb\" data-element_type=\"column\" data-e-type=\"column\">\n\t\t\t<div class=\"elementor-widget-wrap elementor-element-populated\">\n\t\t\t\t\t\t<div class=\"elementor-element elementor-element-f4a0b57 elementor-widget elementor-widget-heading\" data-id=\"f4a0b57\" data-element_type=\"widget\" data-e-type=\"widget\" data-widget_type=\"heading.default\">\n\t\t\t\t<div class=\"elementor-widget-container\">\n\t\t\t\t\t<h2 class=\"elementor-heading-title elementor-size-default\">LES INSTITUTS DE SOIN PR\u00c8S DE CHEZ VOUS<\/h2>\t\t\t\t<\/div>\n\t\t\t\t<\/div>\n\t\t\t\t\t<\/div>\n\t\t<\/div>\n\t\t\t\t\t<\/div>\n\t\t<\/section>\n\t\t\t\t<section class=\"elementor-section elementor-top-section elementor-element elementor-element-c251659 elementor-section-boxed elementor-section-height-default elementor-section-height-default\" data-id=\"c251659\" data-element_type=\"section\" data-e-type=\"section\">\n\t\t\t\t\t\t<div class=\"elementor-container elementor-column-gap-default\">\n\t\t\t\t\t<div class=\"elementor-column elementor-col-100 elementor-top-column elementor-element elementor-element-7a183ab\" data-id=\"7a183ab\" data-element_type=\"column\" data-e-type=\"column\">\n\t\t\t<div class=\"elementor-widget-wrap elementor-element-populated\">\n\t\t\t\t\t\t<div class=\"elementor-element elementor-element-9812809 elementor-widget elementor-widget-image\" data-id=\"9812809\" data-element_type=\"widget\" data-e-type=\"widget\" data-widget_type=\"image.default\">\n\t\t\t\t<div class=\"elementor-widget-container\">\n\t\t\t\t\t\t\t\t\t\t\t\t\t\t\t<img fetchpriority=\"high\" decoding=\"async\" width=\"2560\" height=\"1440\" src=\"https:\/\/www.ericson-laboratoire.com\/fr\/wp-content\/uploads\/2024\/06\/ban-recherche-institut-v3-ok.jpeg\" class=\"attachment-full size-full wp-image-19259\" alt=\"\" srcset=\"https:\/\/www.ericson-laboratoire.com\/fr\/wp-content\/uploads\/2024\/06\/ban-recherche-institut-v3-ok.jpeg 2560w, https:\/\/www.ericson-laboratoire.com\/fr\/wp-content\/uploads\/2024\/06\/ban-recherche-institut-v3-ok-600x338.jpeg 600w, https:\/\/www.ericson-laboratoire.com\/fr\/wp-content\/uploads\/2024\/06\/ban-recherche-institut-v3-ok-300x169.jpeg 300w, https:\/\/www.ericson-laboratoire.com\/fr\/wp-content\/uploads\/2024\/06\/ban-recherche-institut-v3-ok-1024x576.jpeg 1024w, https:\/\/www.ericson-laboratoire.com\/fr\/wp-content\/uploads\/2024\/06\/ban-recherche-institut-v3-ok-768x432.jpeg 768w, https:\/\/www.ericson-laboratoire.com\/fr\/wp-content\/uploads\/2024\/06\/ban-recherche-institut-v3-ok-96x54.jpeg 96w, https:\/\/www.ericson-laboratoire.com\/fr\/wp-content\/uploads\/2024\/06\/ban-recherche-institut-v3-ok-42x24.jpeg 42w, https:\/\/www.ericson-laboratoire.com\/fr\/wp-content\/uploads\/2024\/06\/ban-recherche-institut-v3-ok-60x34.jpeg 60w, https:\/\/www.ericson-laboratoire.com\/fr\/wp-content\/uploads\/2024\/06\/ban-recherche-institut-v3-ok-1536x864.jpeg 1536w, https:\/\/www.ericson-laboratoire.com\/fr\/wp-content\/uploads\/2024\/06\/ban-recherche-institut-v3-ok-2048x1152.jpeg 2048w\" sizes=\"(max-width: 2560px) 100vw, 2560px\" \/>\t\t\t\t\t\t\t\t\t\t\t\t\t\t\t<\/div>\n\t\t\t\t<\/div>\n\t\t\t\t<div class=\"elementor-element elementor-element-f486e7f elementor-widget elementor-widget-text-editor\" data-id=\"f486e7f\" data-element_type=\"widget\" data-e-type=\"widget\" data-widget_type=\"text-editor.default\">\n\t\t\t\t<div class=\"elementor-widget-container\">\n\t\t\t\t\t\t\t\t\t<p>Pour acc\u00e9der \u00e0 notre concept de soin complet, <a href=\"https:\/\/www.ericson-laboratoire.com\/fr\/\">ERICSON LABORATOIRE<\/a> vous permet de localiser l\u2019institut le plus proche de chez vous. Vous pourrez ainsi b\u00e9n\u00e9ficier d\u2019un diagnostic personnalis\u00e9 aupr\u00e8s d\u2019une de nos professionnelles ERICSON LABORATOIRE, pour \u00e9laborer le programme de soins <a href=\"https:\/\/fr.wiktionary.org\/wiki\/cosm%C3%A9ceutique\">cosm\u00e9ceutiques<\/a> le plus adapt\u00e9 \u00e0 vos objectifs beaut\u00e9, en institut comme \u00e0 la maison.<\/p>\t\t\t\t\t\t\t\t<\/div>\n\t\t\t\t<\/div>\n\t\t\t\t\t<\/div>\n\t\t<\/div>\n\t\t\t\t\t<\/div>\n\t\t<\/section>\n\t\t\t\t<section class=\"elementor-section elementor-top-section elementor-element elementor-element-ee24d4d elementor-hidden-desktop elementor-hidden-tablet elementor-hidden-mobile elementor-section-boxed elementor-section-height-default elementor-section-height-default\" data-id=\"ee24d4d\" data-element_type=\"section\" data-e-type=\"section\">\n\t\t\t\t\t\t<div class=\"elementor-container elementor-column-gap-default\">\n\t\t\t\t\t<div class=\"elementor-column elementor-col-100 elementor-top-column elementor-element elementor-element-b84c7d0\" data-id=\"b84c7d0\" data-element_type=\"column\" data-e-type=\"column\" data-settings=\"{&quot;background_background&quot;:&quot;classic&quot;}\">\n\t\t\t<div class=\"elementor-widget-wrap elementor-element-populated\">\n\t\t\t\t\t\t<div class=\"elementor-element elementor-element-9894022 elementor-widget elementor-widget-text-editor\" data-id=\"9894022\" data-element_type=\"widget\" data-e-type=\"widget\" data-widget_type=\"text-editor.default\">\n\t\t\t\t<div class=\"elementor-widget-container\">\n\t\t\t\t\t\t\t\t\t<p>Nos instituts partenaires <\/p>\t\t\t\t\t\t\t\t<\/div>\n\t\t\t\t<\/div>\n\t\t\t\t<div class=\"elementor-element elementor-element-8074b09 elementor-skin-carousel elementor-arrows-yes elementor-pagination-type-bullets elementor-pagination-position-outside elementor-widget elementor-widget-media-carousel\" data-id=\"8074b09\" data-element_type=\"widget\" data-e-type=\"widget\" data-settings=\"{&quot;autoplay_speed&quot;:2000,&quot;skin&quot;:&quot;carousel&quot;,&quot;effect&quot;:&quot;slide&quot;,&quot;show_arrows&quot;:&quot;yes&quot;,&quot;pagination&quot;:&quot;bullets&quot;,&quot;speed&quot;:500,&quot;autoplay&quot;:&quot;yes&quot;,&quot;loop&quot;:&quot;yes&quot;,&quot;pause_on_hover&quot;:&quot;yes&quot;,&quot;pause_on_interaction&quot;:&quot;yes&quot;,&quot;space_between&quot;:{&quot;unit&quot;:&quot;px&quot;,&quot;size&quot;:10,&quot;sizes&quot;:[]},&quot;space_between_tablet&quot;:{&quot;unit&quot;:&quot;px&quot;,&quot;size&quot;:10,&quot;sizes&quot;:[]},&quot;space_between_mobile&quot;:{&quot;unit&quot;:&quot;px&quot;,&quot;size&quot;:10,&quot;sizes&quot;:[]}}\" data-widget_type=\"media-carousel.default\">\n\t\t\t\t<div class=\"elementor-widget-container\">\n\t\t\t\t\t\t\t\t\t<div class=\"elementor-swiper\">\n\t\t\t\t\t<div class=\"elementor-main-swiper swiper\" role=\"region\" aria-roledescription=\"carousel\" aria-label=\"Diapositives\">\n\t\t\t\t<div class=\"swiper-wrapper\">\n\t\t\t\t\t\t\t\t\t\t\t<div class=\"swiper-slide\" role=\"group\" aria-roledescription=\"slide\">\n\t\t\t\t\t\t\t<a href=\"https:\/\/www.ericson-laboratoire.com\/fr\/elementor-17028\/\">\t\t<div class=\"elementor-carousel-image\" role=\"img\" aria-label=\"loglgj\" style=\"background-image: url(&#039;https:\/\/www.ericson-laboratoire.com\/fr\/wp-content\/uploads\/2023\/11\/loglgj-scaled.jpg&#039;)\">\n\n\t\t\t\n\t\t\t\t\t<\/div>\n\t\t<\/a>\t\t\t\t\t\t<\/div>\n\t\t\t\t\t\t\t\t\t\t\t<div class=\"swiper-slide\" role=\"group\" aria-roledescription=\"slide\">\n\t\t\t\t\t\t\t<a href=\"https:\/\/www.ericson-laboratoire.com\/fr\/elementor-15961\/\">\t\t<div class=\"elementor-carousel-image\" role=\"img\" aria-label=\"essentiel\" style=\"background-image: url(&#039;https:\/\/www.ericson-laboratoire.com\/fr\/wp-content\/uploads\/2023\/07\/essentiel-scaled.jpeg&#039;)\">\n\n\t\t\t\n\t\t\t\t\t<\/div>\n\t\t<\/a>\t\t\t\t\t\t<\/div>\n\t\t\t\t\t\t\t\t\t\t\t<div class=\"swiper-slide\" role=\"group\" aria-roledescription=\"slide\">\n\t\t\t\t\t\t\t<a href=\"https:\/\/www.ericson-laboratoire.com\/fr\/elementor-15968\/\">\t\t<div class=\"elementor-carousel-image\" role=\"img\" aria-label=\"lili beauty\" style=\"background-image: url(&#039;https:\/\/www.ericson-laboratoire.com\/fr\/wp-content\/uploads\/2023\/07\/lili-beauty.jpg&#039;)\">\n\n\t\t\t\n\t\t\t\t\t<\/div>\n\t\t<\/a>\t\t\t\t\t\t<\/div>\n\t\t\t\t\t\t\t\t\t\t\t<div class=\"swiper-slide\" role=\"group\" aria-roledescription=\"slide\">\n\t\t\t\t\t\t\t<a href=\"https:\/\/www.ericson-laboratoire.com\/fr\/elementor-15974\/\">\t\t<div class=\"elementor-carousel-image\" role=\"img\" aria-label=\"holisea\" style=\"background-image: url(&#039;https:\/\/www.ericson-laboratoire.com\/fr\/wp-content\/uploads\/2023\/07\/holisea-scaled.jpeg&#039;)\">\n\n\t\t\t\n\t\t\t\t\t<\/div>\n\t\t<\/a>\t\t\t\t\t\t<\/div>\n\t\t\t\t\t\t\t\t\t\t\t<div class=\"swiper-slide\" role=\"group\" aria-roledescription=\"slide\">\n\t\t\t\t\t\t\t<a href=\"https:\/\/www.ericson-laboratoire.com\/fr\/elementor-15980\/\">\t\t<div class=\"elementor-carousel-image\" role=\"img\" aria-label=\"diane institut\" style=\"background-image: url(&#039;https:\/\/www.ericson-laboratoire.com\/fr\/wp-content\/uploads\/2023\/07\/diane-institut.jpeg&#039;)\">\n\n\t\t\t\n\t\t\t\t\t<\/div>\n\t\t<\/a>\t\t\t\t\t\t<\/div>\n\t\t\t\t\t\t\t\t\t\t\t<div class=\"swiper-slide\" role=\"group\" aria-roledescription=\"slide\">\n\t\t\t\t\t\t\t<a href=\"https:\/\/www.ericson-laboratoire.com\/fr\/elementor-15986\/\">\t\t<div class=\"elementor-carousel-image\" role=\"img\" aria-label=\"votre beaut\u00e9\" style=\"background-image: url(&#039;https:\/\/www.ericson-laboratoire.com\/fr\/wp-content\/uploads\/2023\/07\/votre-beaute.jpg&#039;)\">\n\n\t\t\t\n\t\t\t\t\t<\/div>\n\t\t<\/a>\t\t\t\t\t\t<\/div>\n\t\t\t\t\t\t\t\t\t\t\t<div class=\"swiper-slide\" role=\"group\" aria-roledescription=\"slide\">\n\t\t\t\t\t\t\t<a href=\"https:\/\/www.ericson-laboratoire.com\/fr\/elementor-15951\/\">\t\t<div class=\"elementor-carousel-image\" role=\"img\" aria-label=\"stylyform\" style=\"background-image: url(&#039;https:\/\/www.ericson-laboratoire.com\/fr\/wp-content\/uploads\/2023\/07\/stylyform.jpg&#039;)\">\n\n\t\t\t\n\t\t\t\t\t<\/div>\n\t\t<\/a>\t\t\t\t\t\t<\/div>\n\t\t\t\t\t\t\t\t\t\t\t<div class=\"swiper-slide\" role=\"group\" aria-roledescription=\"slide\">\n\t\t\t\t\t\t\t<a href=\"https:\/\/www.ericson-laboratoire.com\/fr\/elementor-15932\/\">\t\t<div class=\"elementor-carousel-image\" role=\"img\" aria-label=\"PHOTO S&#039;INNAMORA filtre\" style=\"background-image: url(&#039;https:\/\/www.ericson-laboratoire.com\/fr\/wp-content\/uploads\/2023\/07\/PHOTO-SINNAMORA-filtre.jpg&#039;)\">\n\n\t\t\t\n\t\t\t\t\t<\/div>\n\t\t<\/a>\t\t\t\t\t\t<\/div>\n\t\t\t\t\t\t\t\t\t\t\t<div class=\"swiper-slide\" role=\"group\" aria-roledescription=\"slide\">\n\t\t\t\t\t\t\t<a href=\"https:\/\/www.ericson-laboratoire.com\/fr\/institut-floraligne\/\">\t\t<div class=\"elementor-carousel-image\" role=\"img\" aria-label=\"image0000001-990c42cf99fb5db2867e039954c79527\" style=\"background-image: url(&#039;https:\/\/www.ericson-laboratoire.com\/fr\/wp-content\/uploads\/2023\/01\/image0000001-990c42cf99fb5db2867e039954c79527.jpg&#039;)\">\n\n\t\t\t\n\t\t\t\t\t<\/div>\n\t\t<\/a>\t\t\t\t\t\t<\/div>\n\t\t\t\t\t\t\t\t\t\t\t<div class=\"swiper-slide\" role=\"group\" aria-roledescription=\"slide\">\n\t\t\t\t\t\t\t<a href=\"https:\/\/www.ericson-laboratoire.com\/fr\/institut-annamarina\/\">\t\t<div class=\"elementor-carousel-image\" role=\"img\" aria-label=\"Annamarina\" style=\"background-image: url(&#039;https:\/\/www.ericson-laboratoire.com\/fr\/wp-content\/uploads\/2023\/01\/image-4ee99bff5358883c34ea58b9893e858d-scaled.jpg&#039;)\">\n\n\t\t\t\n\t\t\t\t\t<\/div>\n\t\t<\/a>\t\t\t\t\t\t<\/div>\n\t\t\t\t\t\t\t\t\t\t\t<div class=\"swiper-slide\" role=\"group\" aria-roledescription=\"slide\">\n\t\t\t\t\t\t\t<a href=\"https:\/\/www.ericson-laboratoire.com\/fr\/institut-cote-minceur\/\">\t\t<div class=\"elementor-carousel-image\" role=\"img\" aria-label=\"COTE MINCEUR COTE BEAUTE\" style=\"background-image: url(&#039;https:\/\/www.ericson-laboratoire.com\/fr\/wp-content\/uploads\/2023\/06\/tempImageV6B2wi-18b88d9ff31852c07cbc101c1cc34d4d-scaled.jpg&#039;)\">\n\n\t\t\t\n\t\t\t\t\t<\/div>\n\t\t<\/a>\t\t\t\t\t\t<\/div>\n\t\t\t\t\t\t\t\t\t\t\t<div class=\"swiper-slide\" role=\"group\" aria-roledescription=\"slide\">\n\t\t\t\t\t\t\t<a href=\"https:\/\/www.ericson-laboratoire.com\/fr\/institut-legrandlarge\/\">\t\t<div class=\"elementor-carousel-image\" role=\"img\" aria-label=\"PHOTO-2023-06-07-10-16-12-7c15fd4d53bc3ffa39bda943c41f7913\" style=\"background-image: url(&#039;https:\/\/www.ericson-laboratoire.com\/fr\/wp-content\/uploads\/2023\/06\/PHOTO-2023-06-07-10-16-12-7c15fd4d53bc3ffa39bda943c41f7913.jpg&#039;)\">\n\n\t\t\t\n\t\t\t\t\t<\/div>\n\t\t<\/a>\t\t\t\t\t\t<\/div>\n\t\t\t\t\t\t\t\t\t\t\t<div class=\"swiper-slide\" role=\"group\" aria-roledescription=\"slide\">\n\t\t\t\t\t\t\t<a href=\"https:\/\/www.ericson-laboratoire.com\/fr\/institut-vanillecoco\/\">\t\t<div class=\"elementor-carousel-image\" role=\"img\" aria-label=\"VANILLE COCO\" style=\"background-image: url(&#039;https:\/\/www.ericson-laboratoire.com\/fr\/wp-content\/uploads\/2023\/06\/image-8ea4d1b2a180e082adf9c4148dea1bb0-scaled.jpg&#039;)\">\n\n\t\t\t\n\t\t\t\t\t<\/div>\n\t\t<\/a>\t\t\t\t\t\t<\/div>\n\t\t\t\t\t\t\t\t\t\t\t<div class=\"swiper-slide\" role=\"group\" aria-roledescription=\"slide\">\n\t\t\t\t\t\t\t<a href=\"https:\/\/www.ericson-laboratoire.com\/fr\/institut-emie-esthetique\/\">\t\t<div class=\"elementor-carousel-image\" role=\"img\" aria-label=\"image0021\" style=\"background-image: url(&#039;https:\/\/www.ericson-laboratoire.com\/fr\/wp-content\/uploads\/2023\/06\/image0021.jpg&#039;)\">\n\n\t\t\t\n\t\t\t\t\t<\/div>\n\t\t<\/a>\t\t\t\t\t\t<\/div>\n\t\t\t\t\t\t\t\t\t\t\t<div class=\"swiper-slide\" role=\"group\" aria-roledescription=\"slide\">\n\t\t\t\t\t\t\t<a href=\"https:\/\/www.ericson-laboratoire.com\/fr\/elementor-15724\/\">\t\t<div class=\"elementor-carousel-image\" role=\"img\" aria-label=\"modern esthetik\" style=\"background-image: url(&#039;https:\/\/www.ericson-laboratoire.com\/fr\/wp-content\/uploads\/2023\/07\/modern-esthetik.jpg&#039;)\">\n\n\t\t\t\n\t\t\t\t\t<\/div>\n\t\t<\/a>\t\t\t\t\t\t<\/div>\n\t\t\t\t\t\t\t\t\t\t\t<div class=\"swiper-slide\" role=\"group\" aria-roledescription=\"slide\">\n\t\t\t\t\t\t\t<a href=\"https:\/\/www.ericson-laboratoire.com\/fr\/institut-calypso-spa-bastille\/\">\t\t<div class=\"elementor-carousel-image\" role=\"img\" aria-label=\"Capture-decran-2023-06-27-a-16.52.57-e334e345068dcc257e6e5552f025339d\" style=\"background-image: url(&#039;https:\/\/www.ericson-laboratoire.com\/fr\/wp-content\/uploads\/2023\/07\/Capture-decran-2023-06-27-a-16.52.57-e334e345068dcc257e6e5552f025339d.png&#039;)\">\n\n\t\t\t\n\t\t\t\t\t<\/div>\n\t\t<\/a>\t\t\t\t\t\t<\/div>\n\t\t\t\t\t\t\t\t\t\t\t<div class=\"swiper-slide\" role=\"group\" aria-roledescription=\"slide\">\n\t\t\t\t\t\t\t<a href=\"https:\/\/www.ericson-laboratoire.com\/fr\/institut-labelleetlatete\/\">\t\t<div class=\"elementor-carousel-image\" role=\"img\" aria-label=\"56874985-2D30-4804-9BD8-947F83765DC3-89dd13f8a6d4e2984f1f1f87c56100cd\" style=\"background-image: url(&#039;https:\/\/www.ericson-laboratoire.com\/fr\/wp-content\/uploads\/2023\/07\/56874985-2D30-4804-9BD8-947F83765DC3-89dd13f8a6d4e2984f1f1f87c56100cd-scaled.jpg&#039;)\">\n\n\t\t\t\n\t\t\t\t\t<\/div>\n\t\t<\/a>\t\t\t\t\t\t<\/div>\n\t\t\t\t\t\t\t\t\t<\/div>\n\t\t\t\t\t\t\t\t\t\t\t\t\t\t\t<div class=\"elementor-swiper-button elementor-swiper-button-prev\" role=\"button\" tabindex=\"0\" aria-label=\"Pr\u00e9c\u00e9dent\">\n\t\t\t\t\t\t\t<i aria-hidden=\"true\" class=\"eicon-chevron-left\"><\/i>\t\t\t\t\t\t<\/div>\n\t\t\t\t\t\t<div class=\"elementor-swiper-button elementor-swiper-button-next\" role=\"button\" tabindex=\"0\" aria-label=\"Suivant\">\n\t\t\t\t\t\t\t<i aria-hidden=\"true\" class=\"eicon-chevron-right\"><\/i>\t\t\t\t\t\t<\/div>\n\t\t\t\t\t\t\t\t\t\t\t\t\t\t\t\t<div class=\"swiper-pagination\"><\/div>\n\t\t\t\t\t\t\t\t\t\t\t\t<\/div>\n\t\t\t\t<\/div>\n\t\t\t\t\t\t\t\t<\/div>\n\t\t\t\t<\/div>\n\t\t\t\t\t<\/div>\n\t\t<\/div>\n\t\t\t\t\t<\/div>\n\t\t<\/section>\n\t\t\t\t<section class=\"elementor-section elementor-top-section elementor-element elementor-element-2ed8a79 elementor-section-boxed elementor-section-height-default elementor-section-height-default\" data-id=\"2ed8a79\" data-element_type=\"section\" data-e-type=\"section\">\n\t\t\t\t\t\t<div class=\"elementor-container elementor-column-gap-default\">\n\t\t\t\t\t<div class=\"elementor-column elementor-col-100 elementor-top-column elementor-element elementor-element-489b79e\" data-id=\"489b79e\" data-element_type=\"column\" data-e-type=\"column\">\n\t\t\t<div class=\"elementor-widget-wrap elementor-element-populated\">\n\t\t\t\t\t\t<div class=\"elementor-element elementor-element-7e240e3 elementor-widget elementor-widget-shortcode\" data-id=\"7e240e3\" data-element_type=\"widget\" data-e-type=\"widget\" data-widget_type=\"shortcode.default\">\n\t\t\t\t<div class=\"elementor-widget-container\">\n\t\t\t\t\t\t\t<div class=\"elementor-shortcode\"><div id=\"locatoraid-form-container\"><div class=\"hc-mb3\"><form class=\"hcj2-observe hc-mb2 hclc_search_form_class\" id=\"hclc_search_form_879\" action=\"https:\/\/www.ericson-laboratoire.com\/fr\/index.php?hcs=locatoraid&amp;hcrand=2994&amp;hca=search%3Asearch%2F_SEARCH_%2Fproduct%2F_PRODUCT_%2Flat%2F_LAT_%2Flng%2F_LNG_%2Flimit%2F2000\" data-action=\"https:\/\/www.ericson-laboratoire.com\/fr\/index.php?hcs=locatoraid&amp;hcrand=2994&amp;hca=search%3Asearch%2F_SEARCH_%2Fproduct%2F_PRODUCT_%2Flat%2F_LAT_%2Flng%2F_LNG_%2Flimit%2F2000\" data-radius-link=\"https:\/\/www.ericson-laboratoire.com\/fr\/index.php?hcs=locatoraid&amp;hcrand=2994&amp;hca=search%2Fradius%3Asearch%2F_SEARCH_%2Fproduct%2F_PRODUCT_%2Flat%2F_LAT_%2Flng%2F_LNG_%2Flimit%2F2000%2Fradius%2F10_25_50_100_200_500\" data-start=\"\" data-locate=\"1\" onsubmit=\"return false;\" method=\"post\" accept-charset=\"utf-8\"><input type=\"hidden\" name=\"hc_nonce\" value=\"82c31d72cf\"\/><div style=\"display:none\"><input type=\"hidden\" name=\"hc-hc_csrf_token\" value=\"c493344b3cc70a1891481b905273199b\"\/><\/div><div><div class=\"hc-block\"><div id=\"locatoraid-search-form-inputs-button\"><div class=\"hc-clearfix hc-mxn2\"><div class=\"hc-col hc-col-8 hc-mb2 hc-px2\"><div id=\"locatoraid-search-form-inputs\"><div><div class=\"hc-block\"><div id=\"locatoraid-search-form-search\"><input type=\"text\" name=\"hc-search\" class=\"hc-field hc-xs-block hc-block\" style=\"margin:0;\" placeholder=\"Adresse ou code postal\"\/><\/div><\/div><div class=\"hc-block hc-mt2\"><div id=\"locatoraid-search-form-locate\"><a href=\"#\" class=\"hcj2-locate-me\" id=\"locatoraid-search-form-locate-me\">Localisez-moi<\/a><\/div><\/div><div class=\"hc-block hc-mt2\"><div id=\"locatoraid-search-form-locate2\"><div class=\"hcj2-my-location\" id=\"locatoraid-search-form-my-location\" style=\"display: none;\">Ma position<\/div><\/div><\/div><\/div><input type=\"hidden\" name=\"hc-locatelat\" id=\"locatoraid-search-form-lat\"\/><input type=\"hidden\" name=\"hc-locatelng\" id=\"locatoraid-search-form-lng\"\/><\/div><\/div><div class=\"hc-col hc-col-4 hc-mb2 hc-px2\"><div><input type=\"submit\" title=\"Chercher\" value=\"Chercher\" class=\"hc-block\" id=\"locatoraid-search-form-button\"\/><input type=\"button\" title=\"R\u00e9initialiser\" value=\"R\u00e9initialiser\" class=\"hc-block hcj2-reset-my-location\" id=\"locatoraid-search-form-reset-location\" style=\"display: none;\"\/><\/div><\/div><\/div><\/div><\/div><div class=\"hc-block hc-mt2\"><a class=\"hcj2-more-results\" id=\"locatoraid-search-more-results\" style=\"display: none; cursor: pointer;\">Plus de r\u00e9sultats<\/a><\/div><\/div><\/form><\/div><\/div><div id=\"locatoraid-map-list-container\"><div id=\"hclc_grid\"><div class=\"hc-clearfix hc-mxn2\"><div class=\"hc-col hc-col-8 hc-mb2 hc-px2\"><div id=\"hclc_map_562\" class=\"hclc_map_class hc-mb3-xs hc-border\" style=\"height: 400px; width: 100%;\" data-linktolist-label=\"\"><\/div><div id=\"hclc_map_562_template\" style=\"display: none;\">&lt;div class=&quot;hc-black hc-bg-lightsilver hc-p2 hc-rounded lpr-location lpr-location-inmap&quot;&gt;&lt;div class=&quot;hc-bold lpr-location-name&quot;&gt;{{=name}}&lt;\/div&gt;&lt;div class=&quot;hc-italic lpr-location-address&quot;&gt;{{=address}}&lt;\/div&gt;{{distance}}&lt;div class=&quot;hc-bold lpr-location-distance&quot;&gt;{{=distance}}&lt;\/div&gt;{{\/distance}}{{phone}}&lt;div class=&quot;lpr-location-phone&quot;&gt;&lt;div class=&quot;hc-inline-block hc-mr1 lpr-location-label&quot;&gt;T\u00e9l\u00e9phone&lt;\/div&gt;{{=phone}}&lt;\/div&gt;{{\/phone}}{{website}}&lt;div class=&quot;lpr-location-website&quot;&gt;{{=website}}&lt;\/div&gt;{{\/website}}{{directions}}&lt;div class=&quot;lpr-location-directions&quot;&gt;{{=directions}}&lt;\/div&gt;{{\/directions}}&lt;\/div&gt;<\/div><\/div><div class=\"hc-col hc-col-4 hc-mb2 hc-px2\"><div id=\"hclc_list_640\" class=\"hclc_list_class hc-mb3-xs hc-relative\" style=\"height: 400px; overflow-y: scroll; display: none;\" data-group-jump=\"0\" data-list-style=\"height: 400px; overflow-y: scroll;\"><\/div><div id=\"hclc_list_640_template\" style=\"display: none;\">{{priority}}&lt;!-- highlight featured listing --&gt;&lt;div class=&quot;hc-p2 hc-border hc-rounded hc-mb1 hc-border-green lpr-location lpr-location-featured&quot;&gt;{{:priority}}&lt;!-- regular listing --&gt;&lt;div class=&quot;hc-p2 hc-border hc-rounded hc-mb1 lpr-location&quot;&gt;{{\/priority}}&lt;div class=&quot;alx_left&quot;&gt;&lt;div class=&quot;hc-bold lpr-location-name&quot;&gt;{{=name}}&lt;\/div&gt;&lt;div class=&quot;hc-italic lpr-location-address&quot;&gt;{{=address}}&lt;\/div&gt;{{distance}}&lt;div class=&quot;hc-bold lpr-location-distance&quot;&gt;{{=distance}}&lt;\/div&gt;{{\/distance}}{{phone}}&lt;div class=&quot;lpr-location-phone&quot;&gt;&lt;div class=&quot;hc-inline-block hc-mr1 lpr-location-label&quot;&gt;T\u00e9l\u00e9phone&lt;\/div&gt;{{=phone}}&lt;\/div&gt;{{\/phone}}{{website}}&lt;div class=&quot;lpr-location-website&quot;&gt;{{=website}}&lt;\/div&gt;{{\/website}}{{directions}}&lt;div class=&quot;lpr-location-directions&quot;&gt;{{=directions}}&lt;\/div&gt;{{\/directions}}&lt;\/div&gt;&lt;div class=&quot;alx_right&quot;&gt;&lt;img src=&quot;{{=img_url}}&quot;&gt;&lt;\/div&gt;{{priority}}&lt;\/div&gt;{{:priority}}&lt;\/div&gt;{{\/priority}}<\/div><div style=\"display: none;\" id=\"hclc_list_640_template_no_results\">&lt;div class=&quot;hc-p2 hc-border hc-rounded&quot;&gt;Aucun r\u00e9sultat&lt;\/div&gt;<\/div><\/div><\/div><\/div><\/div><div style=\"margin: 1em auto; text-align: center; font-size: .7em; opacity: .5;\"><a target=\"_blank\" href=\"https:\/\/www.locatoraid.com\/\">WordPress store locator plugin<\/a> by Locatoraid<\/div><\/div>\n\t\t\t\t\t\t<\/div>\n\t\t\t\t<\/div>\n\t\t\t\t\t<\/div>\n\t\t<\/div>\n\t\t\t\t\t<\/div>\n\t\t<\/section>\n\t\t\t\t<section class=\"elementor-section elementor-top-section elementor-element elementor-element-95410f7 elementor-section-boxed elementor-section-height-default elementor-section-height-default\" data-id=\"95410f7\" data-element_type=\"section\" data-e-type=\"section\">\n\t\t\t\t\t\t<div class=\"elementor-container elementor-column-gap-default\">\n\t\t\t\t\t<div class=\"elementor-column elementor-col-100 elementor-top-column elementor-element elementor-element-8e872e8\" data-id=\"8e872e8\" data-element_type=\"column\" data-e-type=\"column\">\n\t\t\t<div class=\"elementor-widget-wrap elementor-element-populated\">\n\t\t\t\t\t\t<div class=\"elementor-element elementor-element-925a3f1 elementor-widget elementor-widget-spacer\" data-id=\"925a3f1\" data-element_type=\"widget\" data-e-type=\"widget\" data-widget_type=\"spacer.default\">\n\t\t\t\t<div class=\"elementor-widget-container\">\n\t\t\t\t\t\t\t<div class=\"elementor-spacer\">\n\t\t\t<div class=\"elementor-spacer-inner\"><\/div>\n\t\t<\/div>\n\t\t\t\t\t\t<\/div>\n\t\t\t\t<\/div>\n\t\t\t\t\t<\/div>\n\t\t<\/div>\n\t\t\t\t\t<\/div>\n\t\t<\/section>\n\t\t\t\t<\/div>\n\t\t","protected":false},"excerpt":{"rendered":"<p>LES INSTITUTS DE SOIN PR\u00c8S DE CHEZ VOUS Pour acc\u00e9der \u00e0 notre concept de soin complet, ERICSON LABORATOIRE vous permet de localiser l\u2019institut le plus proche de chez vous. Vous pourrez ainsi b\u00e9n\u00e9ficier d\u2019un diagnostic personnalis\u00e9 aupr\u00e8s d\u2019une de nos professionnelles ERICSON LABORATOIRE, pour \u00e9laborer le programme de soins cosm\u00e9ceutiques le plus adapt\u00e9 \u00e0 vos [&hellip;]<\/p>\n","protected":false},"author":1,"featured_media":0,"parent":0,"menu_order":0,"comment_status":"closed","ping_status":"closed","template":"","meta":{"_acf_changed":false,"footnotes":""},"class_list":["post-14","page","type-page","status-publish","hentry"],"acf":[],"lang":"fr","translations":{"fr":14,"en":13930},"pll_sync_post":[],"_links":{"self":[{"href":"https:\/\/www.ericson-laboratoire.com\/fr\/wp-json\/wp\/v2\/pages\/14","targetHints":{"allow":["GET"]}}],"collection":[{"href":"https:\/\/www.ericson-laboratoire.com\/fr\/wp-json\/wp\/v2\/pages"}],"about":[{"href":"https:\/\/www.ericson-laboratoire.com\/fr\/wp-json\/wp\/v2\/types\/page"}],"author":[{"embeddable":true,"href":"https:\/\/www.ericson-laboratoire.com\/fr\/wp-json\/wp\/v2\/users\/1"}],"replies":[{"embeddable":true,"href":"https:\/\/www.ericson-laboratoire.com\/fr\/wp-json\/wp\/v2\/comments?post=14"}],"version-history":[{"count":220,"href":"https:\/\/www.ericson-laboratoire.com\/fr\/wp-json\/wp\/v2\/pages\/14\/revisions"}],"predecessor-version":[{"id":19278,"href":"https:\/\/www.ericson-laboratoire.com\/fr\/wp-json\/wp\/v2\/pages\/14\/revisions\/19278"}],"wp:attachment":[{"href":"https:\/\/www.ericson-laboratoire.com\/fr\/wp-json\/wp\/v2\/media?parent=14"}],"curies":[{"name":"wp","href":"https:\/\/api.w.org\/{rel}","templated":true}]}}