{"id":11,"date":"2021-06-25T14:13:13","date_gmt":"2021-06-25T12:13:13","guid":{"rendered":"https:\/\/www.ericson-laboratoire.com\/fr\/mon-compte\/"},"modified":"2024-06-04T10:35:08","modified_gmt":"2024-06-04T08:35:08","slug":"mon-compte","status":"publish","type":"page","link":"https:\/\/www.ericson-laboratoire.com\/fr\/mon-compte\/","title":{"rendered":"Mon compte"},"content":{"rendered":"\t\t<div data-elementor-type=\"wp-page\" data-elementor-id=\"11\" class=\"elementor elementor-11\" data-elementor-post-type=\"page\">\n\t\t\t\t\t\t<section class=\"elementor-section elementor-top-section elementor-element elementor-element-1701e0e elementor-section-boxed elementor-section-height-default elementor-section-height-default\" data-id=\"1701e0e\" data-element_type=\"section\" data-e-type=\"section\">\n\t\t\t\t\t\t<div class=\"elementor-container elementor-column-gap-default\">\n\t\t\t\t\t<div class=\"elementor-column elementor-col-100 elementor-top-column elementor-element elementor-element-c818c1b\" data-id=\"c818c1b\" data-element_type=\"column\" data-e-type=\"column\">\n\t\t\t<div class=\"elementor-widget-wrap elementor-element-populated\">\n\t\t\t\t\t\t<div class=\"elementor-element elementor-element-d8e421f elementor-widget elementor-widget-text-editor\" data-id=\"d8e421f\" data-element_type=\"widget\" data-e-type=\"widget\" data-widget_type=\"text-editor.default\">\n\t\t\t\t<div class=\"elementor-widget-container\">\n\t\t\t\t\t\t\t\t\t<p>MON COMPTE ERICSON LABORATOIRE<\/p>\t\t\t\t\t\t\t\t<\/div>\n\t\t\t\t<\/div>\n\t\t\t\t\t<\/div>\n\t\t<\/div>\n\t\t\t\t\t<\/div>\n\t\t<\/section>\n\t\t\t\t<section class=\"elementor-section elementor-top-section elementor-element elementor-element-9aa9824 elementor-section-boxed elementor-section-height-default elementor-section-height-default\" data-id=\"9aa9824\" data-element_type=\"section\" data-e-type=\"section\">\n\t\t\t\t\t\t<div class=\"elementor-container elementor-column-gap-default\">\n\t\t\t\t\t<div class=\"elementor-column elementor-col-50 elementor-top-column elementor-element elementor-element-e9bd1cb\" data-id=\"e9bd1cb\" data-element_type=\"column\" data-e-type=\"column\">\n\t\t\t<div class=\"elementor-widget-wrap elementor-element-populated\">\n\t\t\t\t\t\t<div class=\"elementor-element elementor-element-3e8203a elementor-icon-list--layout-traditional elementor-list-item-link-full_width elementor-widget elementor-widget-icon-list\" data-id=\"3e8203a\" data-element_type=\"widget\" data-e-type=\"widget\" data-widget_type=\"icon-list.default\">\n\t\t\t\t<div class=\"elementor-widget-container\">\n\t\t\t\t\t\t\t<ul class=\"elementor-icon-list-items\">\n\t\t\t\t\t\t\t<li class=\"elementor-icon-list-item\">\n\t\t\t\t\t\t\t\t\t\t\t<a href=\"https:\/\/www.ericson-laboratoire.com\/fr\/mon-compte\/\">\n\n\t\t\t\t\t\t\t\t\t\t\t\t<span class=\"elementor-icon-list-icon\">\n\t\t\t\t\t\t\t<i aria-hidden=\"true\" class=\"fas fa-tachometer-alt\"><\/i>\t\t\t\t\t\t<\/span>\n\t\t\t\t\t\t\t\t\t\t<span class=\"elementor-icon-list-text\">Tableau de bord<\/span>\n\t\t\t\t\t\t\t\t\t\t\t<\/a>\n\t\t\t\t\t\t\t\t\t<\/li>\n\t\t\t\t\t\t\t\t<li class=\"elementor-icon-list-item\">\n\t\t\t\t\t\t\t\t\t\t\t<a href=\"https:\/\/www.ericson-laboratoire.com\/fr\/mon-compte\/orders\/\">\n\n\t\t\t\t\t\t\t\t\t\t\t\t<span class=\"elementor-icon-list-icon\">\n\t\t\t\t\t\t\t<i aria-hidden=\"true\" class=\"fas fa-shopping-bag\"><\/i>\t\t\t\t\t\t<\/span>\n\t\t\t\t\t\t\t\t\t\t<span class=\"elementor-icon-list-text\">Mes commandes<\/span>\n\t\t\t\t\t\t\t\t\t\t\t<\/a>\n\t\t\t\t\t\t\t\t\t<\/li>\n\t\t\t\t\t\t\t\t<li class=\"elementor-icon-list-item\">\n\t\t\t\t\t\t\t\t\t\t\t<a href=\"https:\/\/www.ericson-laboratoire.com\/fr\/mon-compte\/ywar-reviews\/\">\n\n\t\t\t\t\t\t\t\t\t\t\t\t<span class=\"elementor-icon-list-icon\">\n\t\t\t\t\t\t\t<i aria-hidden=\"true\" class=\"fas fa-smile\"><\/i>\t\t\t\t\t\t<\/span>\n\t\t\t\t\t\t\t\t\t\t<span class=\"elementor-icon-list-text\">Mes avis<\/span>\n\t\t\t\t\t\t\t\t\t\t\t<\/a>\n\t\t\t\t\t\t\t\t\t<\/li>\n\t\t\t\t\t\t\t\t<li class=\"elementor-icon-list-item\">\n\t\t\t\t\t\t\t\t\t\t\t<a href=\"https:\/\/www.ericson-laboratoire.com\/fr\/mon-compte\/edit-address\/\">\n\n\t\t\t\t\t\t\t\t\t\t\t\t<span class=\"elementor-icon-list-icon\">\n\t\t\t\t\t\t\t<i aria-hidden=\"true\" class=\"fas fa-map-marked-alt\"><\/i>\t\t\t\t\t\t<\/span>\n\t\t\t\t\t\t\t\t\t\t<span class=\"elementor-icon-list-text\">Mes adresses<\/span>\n\t\t\t\t\t\t\t\t\t\t\t<\/a>\n\t\t\t\t\t\t\t\t\t<\/li>\n\t\t\t\t\t\t\t\t<li class=\"elementor-icon-list-item\">\n\t\t\t\t\t\t\t\t\t\t\t<a href=\"https:\/\/www.ericson-laboratoire.com\/fr\/mon-compte\/payment-methods\/\">\n\n\t\t\t\t\t\t\t\t\t\t\t\t<span class=\"elementor-icon-list-icon\">\n\t\t\t\t\t\t\t<i aria-hidden=\"true\" class=\"fas fa-credit-card\"><\/i>\t\t\t\t\t\t<\/span>\n\t\t\t\t\t\t\t\t\t\t<span class=\"elementor-icon-list-text\">Mes moyens de paiement<\/span>\n\t\t\t\t\t\t\t\t\t\t\t<\/a>\n\t\t\t\t\t\t\t\t\t<\/li>\n\t\t\t\t\t\t\t\t<li class=\"elementor-icon-list-item\">\n\t\t\t\t\t\t\t\t\t\t\t<a href=\"https:\/\/www.ericson-laboratoire.com\/fr\/mon-compte\/edit-account\/\">\n\n\t\t\t\t\t\t\t\t\t\t\t\t<span class=\"elementor-icon-list-icon\">\n\t\t\t\t\t\t\t<i aria-hidden=\"true\" class=\"icon icon-settings\"><\/i>\t\t\t\t\t\t<\/span>\n\t\t\t\t\t\t\t\t\t\t<span class=\"elementor-icon-list-text\">Modifier mon profil<\/span>\n\t\t\t\t\t\t\t\t\t\t\t<\/a>\n\t\t\t\t\t\t\t\t\t<\/li>\n\t\t\t\t\t\t\t\t<li class=\"elementor-icon-list-item\">\n\t\t\t\t\t\t\t\t\t\t\t<a href=\"https:\/\/www.ericson-laboratoire.com\/fr\/mon-compte\/mon-institut\/\">\n\n\t\t\t\t\t\t\t\t\t\t\t\t<span class=\"elementor-icon-list-icon\">\n\t\t\t\t\t\t\t<i aria-hidden=\"true\" class=\"fas fa-heart\"><\/i>\t\t\t\t\t\t<\/span>\n\t\t\t\t\t\t\t\t\t\t<span class=\"elementor-icon-list-text\">Mon institut pr\u00e9f\u00e9r\u00e9<\/span>\n\t\t\t\t\t\t\t\t\t\t\t<\/a>\n\t\t\t\t\t\t\t\t\t<\/li>\n\t\t\t\t\t\t\t\t<li class=\"elementor-icon-list-item\">\n\t\t\t\t\t\t\t\t\t\t\t<a href=\"https:\/\/www.ericson-laboratoire.com\/fr\/mon-compte\/fidelite\/\">\n\n\t\t\t\t\t\t\t\t\t\t\t\t<span class=\"elementor-icon-list-icon\">\n\t\t\t\t\t\t\t<i aria-hidden=\"true\" class=\"fas fa-trophy\"><\/i>\t\t\t\t\t\t<\/span>\n\t\t\t\t\t\t\t\t\t\t<span class=\"elementor-icon-list-text\">Mes points fid\u00e9lit\u00e9<\/span>\n\t\t\t\t\t\t\t\t\t\t\t<\/a>\n\t\t\t\t\t\t\t\t\t<\/li>\n\t\t\t\t\t\t\t\t<li class=\"elementor-icon-list-item\">\n\t\t\t\t\t\t\t\t\t\t\t<a href=\"https:\/\/www.ericson-laboratoire.com\/fr\/mon-compte\/customer-logout\/\">\n\n\t\t\t\t\t\t\t\t\t\t\t\t<span class=\"elementor-icon-list-icon\">\n\t\t\t\t\t\t\t<i aria-hidden=\"true\" class=\"fas fa-power-off\"><\/i>\t\t\t\t\t\t<\/span>\n\t\t\t\t\t\t\t\t\t\t<span class=\"elementor-icon-list-text\">D\u00e9connexion<\/span>\n\t\t\t\t\t\t\t\t\t\t\t<\/a>\n\t\t\t\t\t\t\t\t\t<\/li>\n\t\t\t\t\t\t<\/ul>\n\t\t\t\t\t\t<\/div>\n\t\t\t\t<\/div>\n\t\t\t\t\t<\/div>\n\t\t<\/div>\n\t\t\t\t<div class=\"elementor-column elementor-col-50 elementor-top-column elementor-element elementor-element-e4c2d42\" data-id=\"e4c2d42\" data-element_type=\"column\" data-e-type=\"column\">\n\t\t\t<div class=\"elementor-widget-wrap elementor-element-populated\">\n\t\t\t\t\t\t<div class=\"elementor-element elementor-element-267f4c6b elementor-widget elementor-widget-text-editor\" data-id=\"267f4c6b\" data-element_type=\"widget\" data-e-type=\"widget\" data-widget_type=\"text-editor.default\">\n\t\t\t\t<div class=\"elementor-widget-container\">\n\t\t\t\t\t\t\t\t\t<div class=\"woocommerce\"><\/div>\n\t\t\t\t\t\t\t\t<\/div>\n\t\t\t\t<\/div>\n\t\t\t\t\t<\/div>\n\t\t<\/div>\n\t\t\t\t\t<\/div>\n\t\t<\/section>\n\t\t\t\t<section class=\"elementor-section elementor-top-section elementor-element elementor-element-9718c13 elementor-section-boxed elementor-section-height-default elementor-section-height-default\" data-id=\"9718c13\" data-element_type=\"section\" data-e-type=\"section\">\n\t\t\t\t\t\t<div class=\"elementor-container elementor-column-gap-default\">\n\t\t\t\t\t<div class=\"elementor-column elementor-col-100 elementor-top-column elementor-element elementor-element-4368048\" data-id=\"4368048\" data-element_type=\"column\" data-e-type=\"column\">\n\t\t\t<div class=\"elementor-widget-wrap elementor-element-populated\">\n\t\t\t\t\t\t<div class=\"elementor-element elementor-element-52a82c7 elementor-widget elementor-widget-text-editor\" data-id=\"52a82c7\" data-element_type=\"widget\" data-e-type=\"widget\" data-widget_type=\"text-editor.default\">\n\t\t\t\t<div class=\"elementor-widget-container\">\n\t\t\t\t\t\t\t\t\t<div class=\"woocommerce\"><\/div>\n\t\t\t\t\t\t\t\t<\/div>\n\t\t\t\t<\/div>\n\t\t\t\t<div class=\"elementor-element elementor-element-e1e48b3 elementor-widget elementor-widget-spacer\" data-id=\"e1e48b3\" data-element_type=\"widget\" data-e-type=\"widget\" data-widget_type=\"spacer.default\">\n\t\t\t\t<div class=\"elementor-widget-container\">\n\t\t\t\t\t\t\t<div class=\"elementor-spacer\">\n\t\t\t<div class=\"elementor-spacer-inner\"><\/div>\n\t\t<\/div>\n\t\t\t\t\t\t<\/div>\n\t\t\t\t<\/div>\n\t\t\t\t\t<\/div>\n\t\t<\/div>\n\t\t\t\t\t<\/div>\n\t\t<\/section>\n\t\t\t\t<section class=\"elementor-section elementor-top-section elementor-element elementor-element-6ee3238 elementor-section-boxed elementor-section-height-default elementor-section-height-default\" data-id=\"6ee3238\" data-element_type=\"section\" data-e-type=\"section\">\n\t\t\t\t\t\t<div class=\"elementor-container elementor-column-gap-default\">\n\t\t\t\t\t<div class=\"elementor-column elementor-col-100 elementor-top-column elementor-element elementor-element-fd7456a\" data-id=\"fd7456a\" data-element_type=\"column\" data-e-type=\"column\">\n\t\t\t<div class=\"elementor-widget-wrap elementor-element-populated\">\n\t\t\t\t\t\t<div class=\"elementor-element elementor-element-d169110 elementor-widget elementor-widget-heading\" data-id=\"d169110\" data-element_type=\"widget\" data-e-type=\"widget\" data-widget_type=\"heading.default\">\n\t\t\t\t<div class=\"elementor-widget-container\">\n\t\t\t\t\t<h2 class=\"elementor-heading-title elementor-size-default\"><a href=\"https:\/\/www.ericson-laboratoire.com\/fr\/categorie-produit\/nouveautes\/\">NOUVEAUT\u00c9S SOIN<\/a><\/h2>\t\t\t\t<\/div>\n\t\t\t\t<\/div>\n\t\t\t\t<div class=\"elementor-element elementor-element-db3e6fb elementor-widget elementor-widget-jet-woo-widgets-products\" data-id=\"db3e6fb\" data-element_type=\"widget\" data-e-type=\"widget\" data-widget_type=\"jet-woo-widgets-products.default\">\n\t\t\t\t<div class=\"elementor-widget-container\">\n\t\t\t\t\t<div class=\"elementor-jet-woo-widgets-products jet-woo-widgets\"><div class=\"jet-woo-carousel elementor-slick-slider\" data-slider_options=\"{&quot;slidesToShow&quot;:{&quot;desktop&quot;:4,&quot;tablet&quot;:2,&quot;mobile&quot;:1},&quot;autoplaySpeed&quot;:5000,&quot;autoplay&quot;:true,&quot;infinite&quot;:true,&quot;pauseOnHover&quot;:false,&quot;speed&quot;:500,&quot;arrows&quot;:true,&quot;dots&quot;:false,&quot;slidesToScroll&quot;:1,&quot;prevArrow&quot;:&quot;&lt;i class=\\&quot;fa fa-chevron-left prev-arrow jet-arrow\\&quot;&gt;&lt;\\\/i&gt;&quot;,&quot;nextArrow&quot;:&quot;&lt;i class=\\&quot;fa fa-chevron-right next-arrow jet-arrow\\&quot;&gt;&lt;\\\/i&gt;&quot;}\" dir=\"ltr\">\n<div class=\"jet-woo-products jet-woo-products--preset-1 col-row  jet-equal-cols\">\n<div class=\"jet-woo-products__item \">\n\t<div class=\"jet-woo-products__inner-box\">\n<div class=\"jet-woo-product-thumbnail\">\n\t<a href=\"https:\/\/www.ericson-laboratoire.com\/fr\/produit\/coffret-line-correction\/\" rel=\"bookmark\"><img fetchpriority=\"high\" decoding=\"async\" width=\"1063\" height=\"1040\" src=\"https:\/\/www.ericson-laboratoire.com\/fr\/wp-content\/uploads\/2025\/11\/Line-correction-pack-shot.png\" class=\"attachment-full size-full\" alt=\"\" \/><\/a>\n\t<div class=\"jet-woo-product-img-overlay\"><\/div><\/div>\n\n<div class=\"jet-woo-product-title\"><a href=\"https:\/\/www.ericson-laboratoire.com\/fr\/produit\/coffret-line-correction\/\" rel=\"bookmark\">COFFRET LINE CORRECTION<\/a><\/div>\n\n<div class=\"jet-woo-product-button\"><a href=\"https:\/\/www.ericson-laboratoire.com\/fr\/produit\/coffret-line-correction\/\"  data-quantity=\"1\" class=\"button product_type_simple ajax_add_to_cart\" data-product_id=\"22435\" data-product_sku=\"P587\" aria-label=\"En savoir plus sur &ldquo;COFFRET LINE CORRECTION&rdquo;\" rel=\"nofollow\">Lire la suite<\/a><\/div>\n<\/div>\n<\/div>\n<div class=\"jet-woo-products__item \">\n\t<div class=\"jet-woo-products__inner-box\">\n<div class=\"jet-woo-product-thumbnail\">\n\t<a href=\"https:\/\/www.ericson-laboratoire.com\/fr\/produit\/serum-bi-phase-apaisant\/\" rel=\"bookmark\"><img decoding=\"async\" width=\"2457\" height=\"2560\" src=\"https:\/\/www.ericson-laboratoire.com\/fr\/wp-content\/uploads\/2025\/08\/E1180-Biom-Sensitive-Serum-bi-phase-apaisant-1-scaled.jpg\" class=\"attachment-full size-full\" alt=\"\" \/><\/a>\n\t<div class=\"jet-woo-product-img-overlay\"><\/div><\/div>\n\n<div class=\"jet-woo-product-title\"><a href=\"https:\/\/www.ericson-laboratoire.com\/fr\/produit\/serum-bi-phase-apaisant\/\" rel=\"bookmark\">S\u00c9RUM BI-PHASE APAISANT<\/a><\/div>\n\n<div class=\"jet-woo-product-button\"><a href=\"https:\/\/www.ericson-laboratoire.com\/fr\/produit\/serum-bi-phase-apaisant\/\"  data-quantity=\"1\" class=\"button product_type_simple ajax_add_to_cart\" data-product_id=\"21964\" data-product_sku=\"E1180\" aria-label=\"En savoir plus sur &ldquo;S\u00c9RUM BI-PHASE APAISANT&rdquo;\" rel=\"nofollow\">Lire la suite<\/a><\/div>\n<\/div>\n<\/div>\n<div class=\"jet-woo-products__item \">\n\t<div class=\"jet-woo-products__inner-box\">\n<div class=\"jet-woo-product-thumbnail\">\n\t<a href=\"https:\/\/www.ericson-laboratoire.com\/fr\/produit\/creme-nutri-equilibrante\/\" rel=\"bookmark\"><img decoding=\"async\" width=\"2209\" height=\"2209\" src=\"https:\/\/www.ericson-laboratoire.com\/fr\/wp-content\/uploads\/2025\/08\/E1183_Biom-Sensitive-Creme-nutri-equilibrante.jpg\" class=\"attachment-full size-full\" alt=\"\" \/><\/a>\n\t<div class=\"jet-woo-product-img-overlay\"><\/div><\/div>\n\n<div class=\"jet-woo-product-title\"><a href=\"https:\/\/www.ericson-laboratoire.com\/fr\/produit\/creme-nutri-equilibrante\/\" rel=\"bookmark\">CR\u00c8ME NUTRI-\u00c9QUILIBRANTE<\/a><\/div>\n\n<div class=\"jet-woo-product-button\"><a href=\"https:\/\/www.ericson-laboratoire.com\/fr\/produit\/creme-nutri-equilibrante\/\"  data-quantity=\"1\" class=\"button product_type_simple ajax_add_to_cart\" data-product_id=\"21967\" data-product_sku=\"E1183\" aria-label=\"En savoir plus sur &ldquo;CR\u00c8ME NUTRI-\u00c9QUILIBRANTE&rdquo;\" rel=\"nofollow\">Lire la suite<\/a><\/div>\n<\/div>\n<\/div>\n<div class=\"jet-woo-products__item \">\n\t<div class=\"jet-woo-products__inner-box\">\n<div class=\"jet-woo-product-thumbnail\">\n\t<a href=\"https:\/\/www.ericson-laboratoire.com\/fr\/produit\/masque-reparateur-instantane\/\" rel=\"bookmark\"><img loading=\"lazy\" decoding=\"async\" width=\"2048\" height=\"2048\" src=\"https:\/\/www.ericson-laboratoire.com\/fr\/wp-content\/uploads\/2025\/08\/E1184-Biom-Sensitve-Masque-Reparateur-Instantane.jpg\" class=\"attachment-full size-full\" alt=\"\" \/><\/a>\n\t<div class=\"jet-woo-product-img-overlay\"><\/div><\/div>\n\n<div class=\"jet-woo-product-title\"><a href=\"https:\/\/www.ericson-laboratoire.com\/fr\/produit\/masque-reparateur-instantane\/\" rel=\"bookmark\">MASQUE R\u00c9PARATEUR INSTANTAN\u00c9<\/a><\/div>\n\n<div class=\"jet-woo-product-button\"><a href=\"https:\/\/www.ericson-laboratoire.com\/fr\/produit\/masque-reparateur-instantane\/\"  data-quantity=\"1\" class=\"button product_type_simple ajax_add_to_cart\" data-product_id=\"21971\" data-product_sku=\"E1184\" aria-label=\"En savoir plus sur &ldquo;MASQUE R\u00c9PARATEUR INSTANTAN\u00c9&rdquo;\" rel=\"nofollow\">Lire la suite<\/a><\/div>\n<\/div>\n<\/div>\n<\/div>\n<\/div><\/div>\t\t\t\t<\/div>\n\t\t\t\t<\/div>\n\t\t\t\t\t<\/div>\n\t\t<\/div>\n\t\t\t\t\t<\/div>\n\t\t<\/section>\n\t\t\t\t<\/div>\n\t\t","protected":false},"excerpt":{"rendered":"<p>MON COMPTE ERICSON LABORATOIRE Tableau de bord Mes commandes Mes avis Mes adresses Mes moyens de paiement Modifier mon profil Mon institut pr\u00e9f\u00e9r\u00e9 Mes points fid\u00e9lit\u00e9 D\u00e9connexion NOUVEAUT\u00c9S SOIN MASQUE LISSANT UNIFIANT 69,00&euro; Ajouter au panier CR\u00c8ME RICHE DENSIT\u00c9 LUMI\u00c8RE 78,00&euro; Ajouter au panier CR\u00c8ME L\u00c9G\u00c8RE LISSANTE LUMI\u00c8RE 76,00&euro; Ajouter au panier CR\u00c8ME CONFORT JEUNESSE [&hellip;]<\/p>\n","protected":false},"author":1,"featured_media":0,"parent":0,"menu_order":0,"comment_status":"closed","ping_status":"closed","template":"","meta":{"_acf_changed":false,"footnotes":""},"class_list":["post-11","page","type-page","status-publish","hentry"],"acf":[],"lang":"fr","translations":{"fr":11,"en":15119},"pll_sync_post":[],"_links":{"self":[{"href":"https:\/\/www.ericson-laboratoire.com\/fr\/wp-json\/wp\/v2\/pages\/11","targetHints":{"allow":["GET"]}}],"collection":[{"href":"https:\/\/www.ericson-laboratoire.com\/fr\/wp-json\/wp\/v2\/pages"}],"about":[{"href":"https:\/\/www.ericson-laboratoire.com\/fr\/wp-json\/wp\/v2\/types\/page"}],"author":[{"embeddable":true,"href":"https:\/\/www.ericson-laboratoire.com\/fr\/wp-json\/wp\/v2\/users\/1"}],"replies":[{"embeddable":true,"href":"https:\/\/www.ericson-laboratoire.com\/fr\/wp-json\/wp\/v2\/comments?post=11"}],"version-history":[{"count":237,"href":"https:\/\/www.ericson-laboratoire.com\/fr\/wp-json\/wp\/v2\/pages\/11\/revisions"}],"predecessor-version":[{"id":19205,"href":"https:\/\/www.ericson-laboratoire.com\/fr\/wp-json\/wp\/v2\/pages\/11\/revisions\/19205"}],"wp:attachment":[{"href":"https:\/\/www.ericson-laboratoire.com\/fr\/wp-json\/wp\/v2\/media?parent=11"}],"curies":[{"name":"wp","href":"https:\/\/api.w.org\/{rel}","templated":true}]}}